{"id":1664,"date":"2026-03-02T07:52:19","date_gmt":"2026-03-02T06:52:19","guid":{"rendered":"https:\/\/www.verniersa.ch\/?page_id=1664"},"modified":"2026-03-02T08:16:31","modified_gmt":"2026-03-02T07:16:31","slug":"villas-contemporaines-a-bassecourt","status":"publish","type":"page","link":"https:\/\/www.verniersa.ch\/index.php\/villas-contemporaines-a-bassecourt\/","title":{"rendered":"Villas contemporaines \u00e0 Bassecourt"},"content":{"rendered":"\t\t<div data-elementor-type=\"wp-page\" data-elementor-id=\"1664\" class=\"elementor elementor-1664\" data-elementor-settings=\"[]\">\n\t\t\t\t\t\t\t<div class=\"elementor-section-wrap\">\n\t\t\t\t\t\t\t<section class=\"elementor-element elementor-element-5d03d23 elementor-section-content-middle elementor-section-boxed elementor-section-height-default elementor-section-height-default elementor-section elementor-top-section\" data-id=\"5d03d23\" data-element_type=\"section\">\n\t\t\t\t\t\t<div class=\"elementor-container elementor-column-gap-default\">\n\t\t\t\t\t<div class=\"elementor-element elementor-element-e8a2df8 elementor-column elementor-col-33 elementor-top-column\" data-id=\"e8a2df8\" data-element_type=\"column\">\n\t\t\t<div class=\"elementor-widget-wrap elementor-element-populated\">\n\t\t\t\t\t\t\t\t<div class=\"elementor-element elementor-element-c39a5ca elementor-widget elementor-widget-image\" data-id=\"c39a5ca\" data-element_type=\"widget\" data-widget_type=\"image.default\">\n\t\t\t\t<div class=\"elementor-widget-container\">\n\t\t\t\t\t<div class=\"elementor-image\">\n\t\t\t\t\t\t\t\t\t\t<img width=\"1024\" height=\"1024\" src=\"https:\/\/www.verniersa.ch\/wp-content\/uploads\/2026\/03\/annonce-villas-bassecourt-1024x1024.jpg\" class=\"attachment-large size-large\" alt=\"\" loading=\"lazy\" srcset=\"https:\/\/www.verniersa.ch\/wp-content\/uploads\/2026\/03\/annonce-villas-bassecourt-1024x1024.jpg 1024w, https:\/\/www.verniersa.ch\/wp-content\/uploads\/2026\/03\/annonce-villas-bassecourt-300x300.jpg 300w, https:\/\/www.verniersa.ch\/wp-content\/uploads\/2026\/03\/annonce-villas-bassecourt-150x150.jpg 150w, https:\/\/www.verniersa.ch\/wp-content\/uploads\/2026\/03\/annonce-villas-bassecourt-768x768.jpg 768w, https:\/\/www.verniersa.ch\/wp-content\/uploads\/2026\/03\/annonce-villas-bassecourt.jpg 1536w\" sizes=\"(max-width: 1024px) 100vw, 1024px\" itemprop=\"image\" \/>\t\t\t\t\t\t\t\t\t\t\t<\/div>\n\t\t\t\t<\/div>\n\t\t\t\t<\/div>\n\t\t\t\t\t<\/div>\n\t\t<\/div>\n\t\t\t\t<div class=\"elementor-element elementor-element-a1496d6 elementor-column elementor-col-66 elementor-top-column\" data-id=\"a1496d6\" data-element_type=\"column\">\n\t\t\t<div class=\"elementor-widget-wrap elementor-element-populated\">\n\t\t\t\t\t\t\t\t<div class=\"elementor-element elementor-element-8d6e151 elementor-widget elementor-widget-heading\" data-id=\"8d6e151\" data-element_type=\"widget\" data-widget_type=\"heading.default\">\n\t\t\t\t<div class=\"elementor-widget-container\">\n\t\t\t<h2 class=\"elementor-heading-title elementor-size-default\">Villas contemporaines \u00e0 Bassecourt<\/h2>\t\t<\/div>\n\t\t\t\t<\/div>\n\t\t\t\t<section class=\"elementor-element elementor-element-9ca3fc3 elementor-section-content-top elementor-section-boxed elementor-section-height-default elementor-section-height-default elementor-section elementor-inner-section\" data-id=\"9ca3fc3\" data-element_type=\"section\">\n\t\t\t\t\t\t<div class=\"elementor-container elementor-column-gap-default\">\n\t\t\t\t\t<div class=\"elementor-element elementor-element-7e45dcb elementor-column elementor-col-50 elementor-inner-column\" data-id=\"7e45dcb\" data-element_type=\"column\">\n\t\t\t<div class=\"elementor-widget-wrap elementor-element-populated\">\n\t\t\t\t\t\t\t\t<div class=\"elementor-element elementor-element-c28f5f1 elementor-widget elementor-widget-text-editor\" data-id=\"c28f5f1\" data-element_type=\"widget\" data-widget_type=\"text-editor.default\">\n\t\t\t\t<div class=\"elementor-widget-container\">\n\t\t\t\t\t<div class=\"elementor-text-editor elementor-clearfix\"><p><strong>D\u00e8s CHF 895&rsquo;000.-<\/strong><\/p><\/div>\n\t\t\t\t<\/div>\n\t\t\t\t<\/div>\n\t\t\t\t\t<\/div>\n\t\t<\/div>\n\t\t\t\t<div class=\"elementor-element elementor-element-e46b98d elementor-column elementor-col-50 elementor-inner-column\" data-id=\"e46b98d\" data-element_type=\"column\">\n\t\t\t<div class=\"elementor-widget-wrap elementor-element-populated\">\n\t\t\t\t\t\t\t\t<div class=\"elementor-element elementor-element-8c6d2b4 elementor-align-center elementor-widget elementor-widget-button\" data-id=\"8c6d2b4\" data-element_type=\"widget\" data-widget_type=\"button.default\">\n\t\t\t\t<div class=\"elementor-widget-container\">\n\t\t\t\t\t<div class=\"elementor-button-wrapper\">\n\t\t\t<a href=\"tel:0041%2032%20426%2073%2053\" class=\"elementor-button-link elementor-button elementor-size-xs\" role=\"button\">\n\t\t\t\t\t\t<span class=\"elementor-button-content-wrapper\">\n\t\t\t\t\t\t<span class=\"elementor-button-icon elementor-align-icon-left\">\n\t\t\t\t<i aria-hidden=\"true\" class=\"fas fa-phone-alt\"><\/i>\t\t\t<\/span>\n\t\t\t\t\t\t<span class=\"elementor-button-text\">032 426 73 53<\/span>\n\t\t<\/span>\n\t\t\t\t\t<\/a>\n\t\t<\/div>\n\t\t\t\t<\/div>\n\t\t\t\t<\/div>\n\t\t\t\t\t<\/div>\n\t\t<\/div>\n\t\t\t\t\t\t\t<\/div>\n\t\t<\/section>\n\t\t\t\t<section class=\"elementor-element elementor-element-2deca95 elementor-section-boxed elementor-section-height-default elementor-section-height-default elementor-section elementor-inner-section\" data-id=\"2deca95\" data-element_type=\"section\" data-settings=\"{&quot;background_background&quot;:&quot;classic&quot;}\">\n\t\t\t\t\t\t<div class=\"elementor-container elementor-column-gap-default\">\n\t\t\t\t\t<div class=\"elementor-element elementor-element-c0a6667 elementor-column elementor-col-100 elementor-inner-column\" data-id=\"c0a6667\" data-element_type=\"column\">\n\t\t\t<div class=\"elementor-widget-wrap elementor-element-populated\">\n\t\t\t\t\t\t\t\t<div class=\"elementor-element elementor-element-0f7c4fb elementor-icon-list--layout-traditional elementor-list-item-link-full_width elementor-widget elementor-widget-icon-list\" data-id=\"0f7c4fb\" data-element_type=\"widget\" data-widget_type=\"icon-list.default\">\n\t\t\t\t<div class=\"elementor-widget-container\">\n\t\t\t\t\t<ul class=\"elementor-icon-list-items\">\n\t\t\t\t\t\t\t<li class=\"elementor-icon-list-item\" >\n\t\t\t\t\t\t\t\t\t\t\t<span class=\"elementor-icon-list-icon\">\n\t\t\t\t\t\t\t<i aria-hidden=\"true\" class=\"fas fa-angle-right\"><\/i>\t\t\t\t\t\t<\/span>\n\t\t\t\t\t\t\t\t\t\t<span class=\"elementor-icon-list-text\">370\/481m\u00b2 de terrain<\/span>\n\t\t\t\t\t\t\t\t\t<\/li>\n\t\t\t\t\t\t\t\t<li class=\"elementor-icon-list-item\" >\n\t\t\t\t\t\t\t\t\t\t\t<span class=\"elementor-icon-list-icon\">\n\t\t\t\t\t\t\t<i aria-hidden=\"true\" class=\"fas fa-angle-right\"><\/i>\t\t\t\t\t\t<\/span>\n\t\t\t\t\t\t\t\t\t\t<span class=\"elementor-icon-list-text\">135m\u00b2 habitable<\/span>\n\t\t\t\t\t\t\t\t\t<\/li>\n\t\t\t\t\t\t<\/ul>\n\t\t\t\t<\/div>\n\t\t\t\t<\/div>\n\t\t\t\t\t<\/div>\n\t\t<\/div>\n\t\t\t\t\t\t\t<\/div>\n\t\t<\/section>\n\t\t\t\t\t<\/div>\n\t\t<\/div>\n\t\t\t\t\t\t\t<\/div>\n\t\t<\/section>\n\t\t\t\t<section class=\"elementor-element elementor-element-cf597fc elementor-section-content-top elementor-section-boxed elementor-section-height-default elementor-section-height-default elementor-section elementor-top-section\" data-id=\"cf597fc\" data-element_type=\"section\">\n\t\t\t\t\t\t<div class=\"elementor-container elementor-column-gap-default\">\n\t\t\t\t\t<div class=\"elementor-element elementor-element-c379d72 elementor-column elementor-col-50 elementor-top-column\" data-id=\"c379d72\" data-element_type=\"column\">\n\t\t\t<div class=\"elementor-widget-wrap elementor-element-populated\">\n\t\t\t\t\t\t\t\t<div class=\"elementor-element elementor-element-d9b9da8 elementor-widget elementor-widget-image-gallery\" data-id=\"d9b9da8\" data-element_type=\"widget\" data-widget_type=\"image-gallery.default\">\n\t\t\t\t<div class=\"elementor-widget-container\">\n\t\t\t\t\t<div class=\"elementor-image-gallery\">\n\t\t\t\n\t\t<style type=\"text\/css\">\n\t\t\t#gallery-1 {\n\t\t\t\tmargin: auto;\n\t\t\t}\n\t\t\t#gallery-1 .gallery-item {\n\t\t\t\tfloat: left;\n\t\t\t\tmargin-top: 10px;\n\t\t\t\ttext-align: center;\n\t\t\t\twidth: 100%;\n\t\t\t}\n\t\t\t#gallery-1 img {\n\t\t\t\tborder: 2px solid #cfcfcf;\n\t\t\t}\n\t\t\t#gallery-1 .gallery-caption {\n\t\t\t\tmargin-left: 0;\n\t\t\t}\n\t\t\t\/* see gallery_shortcode() in wp-includes\/media.php *\/\n\t\t<\/style>\n\t\t<div id='gallery-1' class='gallery galleryid-1664 gallery-columns-1 gallery-size-large'><dl class='gallery-item'>\n\t\t\t<dt class='gallery-icon landscape'>\n\t\t\t\t<a data-elementor-open-lightbox=\"yes\" data-elementor-lightbox-slideshow=\"d9b9da8\" data-elementor-lightbox-title=\"persp-principale1\" href='https:\/\/www.verniersa.ch\/wp-content\/uploads\/2026\/03\/persp-principale1.jpg'><img width=\"1024\" height=\"576\" src=\"https:\/\/www.verniersa.ch\/wp-content\/uploads\/2026\/03\/persp-principale1-1024x576.jpg\" class=\"attachment-large size-large\" alt=\"\" loading=\"lazy\" srcset=\"https:\/\/www.verniersa.ch\/wp-content\/uploads\/2026\/03\/persp-principale1-1024x576.jpg 1024w, https:\/\/www.verniersa.ch\/wp-content\/uploads\/2026\/03\/persp-principale1-300x169.jpg 300w, https:\/\/www.verniersa.ch\/wp-content\/uploads\/2026\/03\/persp-principale1-768x432.jpg 768w, https:\/\/www.verniersa.ch\/wp-content\/uploads\/2026\/03\/persp-principale1.jpg 1920w\" sizes=\"(max-width: 1024px) 100vw, 1024px\" itemprop=\"image\" \/><\/a>\n\t\t\t<\/dt><\/dl><br style=\"clear: both\" \/><dl class='gallery-item'>\n\t\t\t<dt class='gallery-icon landscape'>\n\t\t\t\t<a data-elementor-open-lightbox=\"yes\" data-elementor-lightbox-slideshow=\"d9b9da8\" data-elementor-lightbox-title=\"persp_nord1\" href='https:\/\/www.verniersa.ch\/wp-content\/uploads\/2026\/03\/persp_nord1.jpg'><img width=\"1024\" height=\"576\" src=\"https:\/\/www.verniersa.ch\/wp-content\/uploads\/2026\/03\/persp_nord1-1024x576.jpg\" class=\"attachment-large size-large\" alt=\"\" loading=\"lazy\" srcset=\"https:\/\/www.verniersa.ch\/wp-content\/uploads\/2026\/03\/persp_nord1-1024x576.jpg 1024w, https:\/\/www.verniersa.ch\/wp-content\/uploads\/2026\/03\/persp_nord1-300x169.jpg 300w, https:\/\/www.verniersa.ch\/wp-content\/uploads\/2026\/03\/persp_nord1-768x432.jpg 768w, https:\/\/www.verniersa.ch\/wp-content\/uploads\/2026\/03\/persp_nord1.jpg 1920w\" sizes=\"(max-width: 1024px) 100vw, 1024px\" itemprop=\"image\" \/><\/a>\n\t\t\t<\/dt><\/dl><br style=\"clear: both\" \/><dl class='gallery-item'>\n\t\t\t<dt class='gallery-icon landscape'>\n\t\t\t\t<a data-elementor-open-lightbox=\"yes\" data-elementor-lightbox-slideshow=\"d9b9da8\" data-elementor-lightbox-title=\"persp_sud_11\" href='https:\/\/www.verniersa.ch\/wp-content\/uploads\/2026\/03\/persp_sud_11.jpg'><img width=\"1024\" height=\"576\" src=\"https:\/\/www.verniersa.ch\/wp-content\/uploads\/2026\/03\/persp_sud_11-1024x576.jpg\" class=\"attachment-large size-large\" alt=\"\" loading=\"lazy\" srcset=\"https:\/\/www.verniersa.ch\/wp-content\/uploads\/2026\/03\/persp_sud_11-1024x576.jpg 1024w, https:\/\/www.verniersa.ch\/wp-content\/uploads\/2026\/03\/persp_sud_11-300x169.jpg 300w, https:\/\/www.verniersa.ch\/wp-content\/uploads\/2026\/03\/persp_sud_11-768x432.jpg 768w, https:\/\/www.verniersa.ch\/wp-content\/uploads\/2026\/03\/persp_sud_11.jpg 1920w\" sizes=\"(max-width: 1024px) 100vw, 1024px\" itemprop=\"image\" \/><\/a>\n\t\t\t<\/dt><\/dl><br style=\"clear: both\" \/><dl class='gallery-item'>\n\t\t\t<dt class='gallery-icon landscape'>\n\t\t\t\t<a data-elementor-open-lightbox=\"yes\" data-elementor-lightbox-slideshow=\"d9b9da8\" data-elementor-lightbox-title=\"persp_sud_21\" href='https:\/\/www.verniersa.ch\/wp-content\/uploads\/2026\/03\/persp_sud_21.jpg'><img width=\"1024\" height=\"576\" src=\"https:\/\/www.verniersa.ch\/wp-content\/uploads\/2026\/03\/persp_sud_21-1024x576.jpg\" class=\"attachment-large size-large\" alt=\"\" loading=\"lazy\" srcset=\"https:\/\/www.verniersa.ch\/wp-content\/uploads\/2026\/03\/persp_sud_21-1024x576.jpg 1024w, https:\/\/www.verniersa.ch\/wp-content\/uploads\/2026\/03\/persp_sud_21-300x169.jpg 300w, https:\/\/www.verniersa.ch\/wp-content\/uploads\/2026\/03\/persp_sud_21-768x432.jpg 768w, https:\/\/www.verniersa.ch\/wp-content\/uploads\/2026\/03\/persp_sud_21.jpg 1920w\" sizes=\"(max-width: 1024px) 100vw, 1024px\" itemprop=\"image\" \/><\/a>\n\t\t\t<\/dt><\/dl><br style=\"clear: both\" \/><dl class='gallery-item'>\n\t\t\t<dt class='gallery-icon landscape'>\n\t\t\t\t<a data-elementor-open-lightbox=\"yes\" data-elementor-lightbox-slideshow=\"d9b9da8\" data-elementor-lightbox-title=\"a_sejour_2\" href='https:\/\/www.verniersa.ch\/wp-content\/uploads\/2026\/03\/a_sejour_2.jpg'><img width=\"1024\" height=\"576\" src=\"https:\/\/www.verniersa.ch\/wp-content\/uploads\/2026\/03\/a_sejour_2-1024x576.jpg\" class=\"attachment-large size-large\" alt=\"\" loading=\"lazy\" srcset=\"https:\/\/www.verniersa.ch\/wp-content\/uploads\/2026\/03\/a_sejour_2-1024x576.jpg 1024w, https:\/\/www.verniersa.ch\/wp-content\/uploads\/2026\/03\/a_sejour_2-300x169.jpg 300w, https:\/\/www.verniersa.ch\/wp-content\/uploads\/2026\/03\/a_sejour_2-768x432.jpg 768w, https:\/\/www.verniersa.ch\/wp-content\/uploads\/2026\/03\/a_sejour_2.jpg 1920w\" sizes=\"(max-width: 1024px) 100vw, 1024px\" itemprop=\"image\" \/><\/a>\n\t\t\t<\/dt><\/dl><br style=\"clear: both\" \/>\n\t\t<\/div>\n\t\t<\/div>\n\t\t\t\t<\/div>\n\t\t\t\t<\/div>\n\t\t\t\t\t<\/div>\n\t\t<\/div>\n\t\t\t\t<div class=\"elementor-element elementor-element-0ca7822 elementor-column elementor-col-50 elementor-top-column\" data-id=\"0ca7822\" data-element_type=\"column\">\n\t\t\t<div class=\"elementor-widget-wrap elementor-element-populated\">\n\t\t\t\t\t\t\t\t<section class=\"elementor-element elementor-element-7cf47c2 elementor-section-boxed elementor-section-height-default elementor-section-height-default elementor-section elementor-inner-section\" data-id=\"7cf47c2\" data-element_type=\"section\">\n\t\t\t\t\t\t<div class=\"elementor-container elementor-column-gap-default\">\n\t\t\t\t\t<div class=\"elementor-element elementor-element-c143103 elementor-column elementor-col-100 elementor-inner-column\" data-id=\"c143103\" data-element_type=\"column\">\n\t\t\t<div class=\"elementor-widget-wrap elementor-element-populated\">\n\t\t\t\t\t\t\t\t<div class=\"elementor-element elementor-element-6e82f20 elementor-widget elementor-widget-heading\" data-id=\"6e82f20\" data-element_type=\"widget\" data-widget_type=\"heading.default\">\n\t\t\t\t<div class=\"elementor-widget-container\">\n\t\t\t<h2 class=\"elementor-heading-title elementor-size-default\">Description<\/h2>\t\t<\/div>\n\t\t\t\t<\/div>\n\t\t\t\t<div class=\"elementor-element elementor-element-e945715 elementor-widget elementor-widget-text-editor\" data-id=\"e945715\" data-element_type=\"widget\" data-widget_type=\"text-editor.default\">\n\t\t\t\t<div class=\"elementor-widget-container\">\n\t\t\t\t\t<div class=\"elementor-text-editor elementor-clearfix\"><p>D\u00e9couvrez ces villas contemporaines situ\u00e9es \u00e0 Bassecourt, \u00e9rig\u00e9es sur une parcelle de 370 m\u00b2 et de 481 m\u00b2 . Avec une surface habitable de 135 m\u00b2, ces propri\u00e9t\u00e9s s\u00e9duisent par leur<br \/>luminosit\u00e9 naturelle et leur environnement paisible.<\/p><p>Con\u00e7ues pour offrir un cadre de vie \u00e0 la fois moderne et chaleureux, les villas disposent de finitions personnalisables selon vos envies, avec un budget initial. Les espaces de vie s\u2019ouvrent sur l\u2019ext\u00e9rieur.<\/p><p>Id\u00e9ale pour une famille en qu\u00eate de calme, en bout de rue, ces villas allient esth\u00e9tique contemporaine et fonctionnalit\u00e9.<\/p><\/div>\n\t\t\t\t<\/div>\n\t\t\t\t<\/div>\n\t\t\t\t<div class=\"elementor-element elementor-element-b3c75d8 elementor-widget elementor-widget-text-editor\" data-id=\"b3c75d8\" data-element_type=\"widget\" data-widget_type=\"text-editor.default\">\n\t\t\t\t<div class=\"elementor-widget-container\">\n\t\t\t\t\t<div class=\"elementor-text-editor elementor-clearfix\"><h3>Am\u00e9nagement\u00a0 \u00a0 \u00a0<\/h3><ul><li>3 chambres<\/li><li>1 salle de bain<\/li><li>2 \u00e9tages<\/li><li>23m\u00b2 de terrasse<\/li><\/ul><\/div>\n\t\t\t\t<\/div>\n\t\t\t\t<\/div>\n\t\t\t\t<div class=\"elementor-element elementor-element-eda79de elementor-widget elementor-widget-button\" data-id=\"eda79de\" data-element_type=\"widget\" data-widget_type=\"button.default\">\n\t\t\t\t<div class=\"elementor-widget-container\">\n\t\t\t\t\t<div class=\"elementor-button-wrapper\">\n\t\t\t<a href=\"https:\/\/www.verniersa.ch\/wp-content\/uploads\/2026\/03\/presentation-villas-bassecourt.pdf\" target=\"_blank\" class=\"elementor-button-link elementor-button elementor-size-sm\" role=\"button\">\n\t\t\t\t\t\t<span class=\"elementor-button-content-wrapper\">\n\t\t\t\t\t\t<span class=\"elementor-button-text\">Dossier PDF \u00e0 t\u00e9l\u00e9charger<\/span>\n\t\t<\/span>\n\t\t\t\t\t<\/a>\n\t\t<\/div>\n\t\t\t\t<\/div>\n\t\t\t\t<\/div>\n\t\t\t\t<div class=\"elementor-element elementor-element-7759187 elementor-widget elementor-widget-heading\" data-id=\"7759187\" data-element_type=\"widget\" data-widget_type=\"heading.default\">\n\t\t\t\t<div class=\"elementor-widget-container\">\n\t\t\t<h3 class=\"elementor-heading-title elementor-size-default\">Demande d'informations<\/h3>\t\t<\/div>\n\t\t\t\t<\/div>\n\t\t\t\t<div class=\"elementor-element elementor-element-27f6a66 elementor-widget elementor-widget-shortcode\" data-id=\"27f6a66\" data-element_type=\"widget\" data-widget_type=\"shortcode.default\">\n\t\t\t\t<div class=\"elementor-widget-container\">\n\t\t\t\t\t<div class=\"elementor-shortcode\"><div role=\"form\" class=\"wpcf7\" id=\"wpcf7-f1494-o1\" lang=\"fr-FR\" dir=\"ltr\">\n<div class=\"screen-reader-response\" role=\"alert\" aria-live=\"polite\"><\/div>\n<form action=\"\/index.php\/wp-json\/wp\/v2\/pages\/1664#wpcf7-f1494-o1\" method=\"post\" class=\"wpcf7-form init\" novalidate=\"novalidate\">\n<div style=\"display: none;\">\n<input type=\"hidden\" name=\"_wpcf7\" value=\"1494\" \/>\n<input type=\"hidden\" name=\"_wpcf7_version\" value=\"5.2.2\" \/>\n<input type=\"hidden\" name=\"_wpcf7_locale\" value=\"fr_FR\" \/>\n<input type=\"hidden\" name=\"_wpcf7_unit_tag\" value=\"wpcf7-f1494-o1\" \/>\n<input type=\"hidden\" name=\"_wpcf7_container_post\" value=\"0\" \/>\n<input type=\"hidden\" name=\"_wpcf7_posted_data_hash\" value=\"\" \/>\n<input type=\"hidden\" name=\"_wpcf7_recaptcha_response\" value=\"\" \/>\n<\/div>\n<p><label> Nom complet *<br \/>\n    <span class=\"wpcf7-form-control-wrap your-name\"><input type=\"text\" name=\"your-name\" value=\"\" size=\"40\" class=\"wpcf7-form-control wpcf7-text wpcf7-validates-as-required\" aria-required=\"true\" aria-invalid=\"false\" \/><\/span> <\/label><\/p>\n<p><label> E-mail *<br \/>\n    <span class=\"wpcf7-form-control-wrap your-email\"><input type=\"email\" name=\"your-email\" value=\"\" size=\"40\" class=\"wpcf7-form-control wpcf7-text wpcf7-email wpcf7-validates-as-required wpcf7-validates-as-email\" aria-required=\"true\" aria-invalid=\"false\" \/><\/span> <\/label><\/p>\n<p><label> T\u00e9l\u00e9phone *<br \/>\n    <span class=\"wpcf7-form-control-wrap your-phone\"><input type=\"text\" name=\"your-phone\" value=\"\" size=\"40\" class=\"wpcf7-form-control wpcf7-text wpcf7-validates-as-required\" aria-required=\"true\" aria-invalid=\"false\" \/><\/span> <\/label><\/p>\n<p><label> Message<br \/>\n    <span class=\"wpcf7-form-control-wrap your-message\"><textarea name=\"your-message\" cols=\"40\" rows=\"10\" class=\"wpcf7-form-control wpcf7-textarea\" aria-invalid=\"false\"><\/textarea><\/span> <\/label><\/p>\n<p><input type=\"submit\" value=\"Envoyer\" class=\"wpcf7-form-control wpcf7-submit\" \/><\/p>\n<br \/>\n<div class=\"wpcf7-response-output\" role=\"alert\" aria-hidden=\"true\"><\/div><\/form><\/div><\/div>\n\t\t\t\t<\/div>\n\t\t\t\t<\/div>\n\t\t\t\t\t<\/div>\n\t\t<\/div>\n\t\t\t\t\t\t\t<\/div>\n\t\t<\/section>\n\t\t\t\t\t<\/div>\n\t\t<\/div>\n\t\t\t\t\t\t\t<\/div>\n\t\t<\/section>\n\t\t\t\t\t\t<\/div>\n\t\t\t\t\t<\/div>\n\t\t","protected":false},"excerpt":{"rendered":"<p>Villas contemporaines \u00e0 Bassecourt D\u00e8s CHF 895&rsquo;000.- 032 426 73 53 370\/481m\u00b2 de terrain 135m\u00b2 habitable Description D\u00e9couvrez ces villas contemporaines situ\u00e9es \u00e0 Bassecourt, \u00e9rig\u00e9es sur une parcelle de 370 m\u00b2 et de 481 m\u00b2 . Avec une surface habitable de 135 m\u00b2, ces propri\u00e9t\u00e9s s\u00e9duisent par leurluminosit\u00e9 naturelle et leur environnement paisible. Con\u00e7ues pour [&hellip;]<\/p>\n","protected":false},"author":3,"featured_media":0,"parent":0,"menu_order":0,"comment_status":"closed","ping_status":"closed","template":"","meta":[],"_links":{"self":[{"href":"https:\/\/www.verniersa.ch\/index.php\/wp-json\/wp\/v2\/pages\/1664"}],"collection":[{"href":"https:\/\/www.verniersa.ch\/index.php\/wp-json\/wp\/v2\/pages"}],"about":[{"href":"https:\/\/www.verniersa.ch\/index.php\/wp-json\/wp\/v2\/types\/page"}],"author":[{"embeddable":true,"href":"https:\/\/www.verniersa.ch\/index.php\/wp-json\/wp\/v2\/users\/3"}],"replies":[{"embeddable":true,"href":"https:\/\/www.verniersa.ch\/index.php\/wp-json\/wp\/v2\/comments?post=1664"}],"version-history":[{"count":6,"href":"https:\/\/www.verniersa.ch\/index.php\/wp-json\/wp\/v2\/pages\/1664\/revisions"}],"predecessor-version":[{"id":1682,"href":"https:\/\/www.verniersa.ch\/index.php\/wp-json\/wp\/v2\/pages\/1664\/revisions\/1682"}],"wp:attachment":[{"href":"https:\/\/www.verniersa.ch\/index.php\/wp-json\/wp\/v2\/media?parent=1664"}],"curies":[{"name":"wp","href":"https:\/\/api.w.org\/{rel}","templated":true}]}}