{"id":1531,"date":"2024-12-04T09:52:32","date_gmt":"2024-12-04T08:52:32","guid":{"rendered":"https:\/\/www.verniersa.ch\/?page_id=1531"},"modified":"2025-11-30T15:42:42","modified_gmt":"2025-11-30T14:42:42","slug":"appartement-a-louer-a-saint-ursanne","status":"publish","type":"page","link":"https:\/\/www.verniersa.ch\/index.php\/appartement-a-louer-a-saint-ursanne\/","title":{"rendered":"Appartements \u00e0 louer \u00e0 Saint-Ursanne"},"content":{"rendered":"\t\t<div data-elementor-type=\"wp-page\" data-elementor-id=\"1531\" class=\"elementor elementor-1531\" data-elementor-settings=\"[]\">\n\t\t\t\t\t\t\t<div class=\"elementor-section-wrap\">\n\t\t\t\t\t\t\t<section class=\"elementor-element elementor-element-55032c5 elementor-section-boxed elementor-section-height-default elementor-section-height-default elementor-section elementor-top-section\" data-id=\"55032c5\" data-element_type=\"section\">\n\t\t\t\t\t\t<div class=\"elementor-container elementor-column-gap-default\">\n\t\t\t\t\t<div class=\"elementor-element elementor-element-6fa6305 elementor-column elementor-col-33 elementor-top-column\" data-id=\"6fa6305\" data-element_type=\"column\">\n\t\t\t<div class=\"elementor-widget-wrap elementor-element-populated\">\n\t\t\t\t\t\t\t\t<div class=\"elementor-element elementor-element-3cf1a1d elementor-widget elementor-widget-image\" data-id=\"3cf1a1d\" data-element_type=\"widget\" data-widget_type=\"image.default\">\n\t\t\t\t<div class=\"elementor-widget-container\">\n\t\t\t\t\t<div class=\"elementor-image\">\n\t\t\t\t\t\t\t\t\t\t<img width=\"1024\" height=\"1024\" src=\"https:\/\/www.verniersa.ch\/wp-content\/uploads\/2025\/11\/annonce-st-ursanne-1024x1024.jpg\" class=\"attachment-large size-large\" alt=\"\" loading=\"lazy\" srcset=\"https:\/\/www.verniersa.ch\/wp-content\/uploads\/2025\/11\/annonce-st-ursanne-1024x1024.jpg 1024w, https:\/\/www.verniersa.ch\/wp-content\/uploads\/2025\/11\/annonce-st-ursanne-300x300.jpg 300w, https:\/\/www.verniersa.ch\/wp-content\/uploads\/2025\/11\/annonce-st-ursanne-150x150.jpg 150w, https:\/\/www.verniersa.ch\/wp-content\/uploads\/2025\/11\/annonce-st-ursanne-768x768.jpg 768w, https:\/\/www.verniersa.ch\/wp-content\/uploads\/2025\/11\/annonce-st-ursanne.jpg 1536w\" sizes=\"(max-width: 1024px) 100vw, 1024px\" itemprop=\"image\" \/>\t\t\t\t\t\t\t\t\t\t\t<\/div>\n\t\t\t\t<\/div>\n\t\t\t\t<\/div>\n\t\t\t\t\t<\/div>\n\t\t<\/div>\n\t\t\t\t<div class=\"elementor-element elementor-element-d591c1f elementor-column elementor-col-66 elementor-top-column\" data-id=\"d591c1f\" data-element_type=\"column\">\n\t\t\t<div class=\"elementor-widget-wrap elementor-element-populated\">\n\t\t\t\t\t\t\t\t<div class=\"elementor-element elementor-element-11d8a8f elementor-widget elementor-widget-heading\" data-id=\"11d8a8f\" data-element_type=\"widget\" data-widget_type=\"heading.default\">\n\t\t\t\t<div class=\"elementor-widget-container\">\n\t\t\t<h2 class=\"elementor-heading-title elementor-size-default\">Appartements \u00e0 louer \u00e0 Saint-Ursanne<\/h2>\t\t<\/div>\n\t\t\t\t<\/div>\n\t\t\t\t<div class=\"elementor-element elementor-element-5872667 elementor-widget elementor-widget-heading\" data-id=\"5872667\" data-element_type=\"widget\" data-widget_type=\"heading.default\">\n\t\t\t\t<div class=\"elementor-widget-container\">\n\t\t\t<h3 class=\"elementor-heading-title elementor-size-default\">2 appartements neufs de 4,5 pi\u00e8ces <\/h3>\t\t<\/div>\n\t\t\t\t<\/div>\n\t\t\t\t<section class=\"elementor-element elementor-element-f11313e elementor-section-content-top elementor-section-boxed elementor-section-height-default elementor-section-height-default elementor-section elementor-inner-section\" data-id=\"f11313e\" data-element_type=\"section\">\n\t\t\t\t\t\t<div class=\"elementor-container elementor-column-gap-default\">\n\t\t\t\t\t<div class=\"elementor-element elementor-element-c33bbb3 elementor-column elementor-col-50 elementor-inner-column\" data-id=\"c33bbb3\" data-element_type=\"column\">\n\t\t\t<div class=\"elementor-widget-wrap elementor-element-populated\">\n\t\t\t\t\t\t\t\t<div class=\"elementor-element elementor-element-833d955 elementor-widget elementor-widget-text-editor\" data-id=\"833d955\" data-element_type=\"widget\" data-widget_type=\"text-editor.default\">\n\t\t\t\t<div class=\"elementor-widget-container\">\n\t\t\t\t\t<div class=\"elementor-text-editor elementor-clearfix\"><h4>CHF 1&rsquo;400.\u2013 (chauffage compris)<\/h4><p><strong>Disponibles d\u00e8s janvier 2026 \u2013 cadre idyllique au bord du Doubs<\/strong><\/p><\/div>\n\t\t\t\t<\/div>\n\t\t\t\t<\/div>\n\t\t\t\t\t<\/div>\n\t\t<\/div>\n\t\t\t\t<div class=\"elementor-element elementor-element-2036030 elementor-column elementor-col-50 elementor-inner-column\" data-id=\"2036030\" data-element_type=\"column\">\n\t\t\t<div class=\"elementor-widget-wrap elementor-element-populated\">\n\t\t\t\t\t\t\t\t<div class=\"elementor-element elementor-element-6c10538 elementor-align-center elementor-widget elementor-widget-button\" data-id=\"6c10538\" data-element_type=\"widget\" data-widget_type=\"button.default\">\n\t\t\t\t<div class=\"elementor-widget-container\">\n\t\t\t\t\t<div class=\"elementor-button-wrapper\">\n\t\t\t<a href=\"tel:0324613191%20\" class=\"elementor-button-link elementor-button elementor-size-xs\" role=\"button\">\n\t\t\t\t\t\t<span class=\"elementor-button-content-wrapper\">\n\t\t\t\t\t\t<span class=\"elementor-button-icon elementor-align-icon-left\">\n\t\t\t\t<i aria-hidden=\"true\" class=\"fas fa-phone-alt\"><\/i>\t\t\t<\/span>\n\t\t\t\t\t\t<span class=\"elementor-button-text\">032 461 31 91 <\/span>\n\t\t<\/span>\n\t\t\t\t\t<\/a>\n\t\t<\/div>\n\t\t\t\t<\/div>\n\t\t\t\t<\/div>\n\t\t\t\t<div class=\"elementor-element elementor-element-64723a7 elementor-align-center elementor-widget elementor-widget-button\" data-id=\"64723a7\" data-element_type=\"widget\" data-widget_type=\"button.default\">\n\t\t\t\t<div class=\"elementor-widget-container\">\n\t\t\t\t\t<div class=\"elementor-button-wrapper\">\n\t\t\t<a href=\"mailto:info@paupe.ch\" class=\"elementor-button-link elementor-button elementor-size-xs\" role=\"button\">\n\t\t\t\t\t\t<span class=\"elementor-button-content-wrapper\">\n\t\t\t\t\t\t<span class=\"elementor-button-icon elementor-align-icon-left\">\n\t\t\t\t<i aria-hidden=\"true\" class=\"far fa-envelope\"><\/i>\t\t\t<\/span>\n\t\t\t\t\t\t<span class=\"elementor-button-text\">mailto:info@paupe.ch<\/span>\n\t\t<\/span>\n\t\t\t\t\t<\/a>\n\t\t<\/div>\n\t\t\t\t<\/div>\n\t\t\t\t<\/div>\n\t\t\t\t\t<\/div>\n\t\t<\/div>\n\t\t\t\t\t\t\t<\/div>\n\t\t<\/section>\n\t\t\t\t<section class=\"elementor-element elementor-element-f4a81ee elementor-section-content-middle elementor-section-boxed elementor-section-height-default elementor-section-height-default elementor-section elementor-inner-section\" data-id=\"f4a81ee\" data-element_type=\"section\">\n\t\t\t\t\t\t<div class=\"elementor-container elementor-column-gap-default\">\n\t\t\t\t\t<div class=\"elementor-element elementor-element-c8a605d elementor-column elementor-col-50 elementor-inner-column\" data-id=\"c8a605d\" data-element_type=\"column\">\n\t\t\t<div class=\"elementor-widget-wrap\">\n\t\t\t\t\t\t\t\t\t<\/div>\n\t\t<\/div>\n\t\t\t\t<div class=\"elementor-element elementor-element-68ffa33 elementor-column elementor-col-50 elementor-inner-column\" data-id=\"68ffa33\" data-element_type=\"column\">\n\t\t\t<div class=\"elementor-widget-wrap\">\n\t\t\t\t\t\t\t\t\t<\/div>\n\t\t<\/div>\n\t\t\t\t\t\t\t<\/div>\n\t\t<\/section>\n\t\t\t\t\t<\/div>\n\t\t<\/div>\n\t\t\t\t\t\t\t<\/div>\n\t\t<\/section>\n\t\t\t\t<section class=\"elementor-element elementor-element-cf597fc elementor-section-boxed elementor-section-height-default elementor-section-height-default elementor-section elementor-top-section\" data-id=\"cf597fc\" data-element_type=\"section\">\n\t\t\t\t\t\t<div class=\"elementor-container elementor-column-gap-default\">\n\t\t\t\t\t<div class=\"elementor-element elementor-element-c379d72 elementor-column elementor-col-50 elementor-top-column\" data-id=\"c379d72\" data-element_type=\"column\">\n\t\t\t<div class=\"elementor-widget-wrap elementor-element-populated\">\n\t\t\t\t\t\t\t\t<div class=\"elementor-element elementor-element-4245fa2 elementor-widget elementor-widget-image\" data-id=\"4245fa2\" data-element_type=\"widget\" data-widget_type=\"image.default\">\n\t\t\t\t<div class=\"elementor-widget-container\">\n\t\t\t\t\t<div class=\"elementor-image\">\n\t\t\t\t\t\t\t\t\t\t<img width=\"1024\" height=\"611\" src=\"https:\/\/www.verniersa.ch\/wp-content\/uploads\/2025\/11\/plan-combles-1024x611.png\" class=\"attachment-large size-large\" alt=\"\" loading=\"lazy\" srcset=\"https:\/\/www.verniersa.ch\/wp-content\/uploads\/2025\/11\/plan-combles-1024x611.png 1024w, https:\/\/www.verniersa.ch\/wp-content\/uploads\/2025\/11\/plan-combles-300x179.png 300w, https:\/\/www.verniersa.ch\/wp-content\/uploads\/2025\/11\/plan-combles-768x458.png 768w, https:\/\/www.verniersa.ch\/wp-content\/uploads\/2025\/11\/plan-combles.png 1181w\" sizes=\"(max-width: 1024px) 100vw, 1024px\" itemprop=\"image\" \/>\t\t\t\t\t\t\t\t\t\t\t<\/div>\n\t\t\t\t<\/div>\n\t\t\t\t<\/div>\n\t\t\t\t<div class=\"elementor-element elementor-element-e88a8e0 elementor-widget elementor-widget-image\" data-id=\"e88a8e0\" data-element_type=\"widget\" data-widget_type=\"image.default\">\n\t\t\t\t<div class=\"elementor-widget-container\">\n\t\t\t\t\t<div class=\"elementor-image\">\n\t\t\t\t\t\t\t\t\t\t<img width=\"1024\" height=\"466\" src=\"https:\/\/www.verniersa.ch\/wp-content\/uploads\/2025\/11\/plan-etage-1024x466.png\" class=\"attachment-large size-large\" alt=\"\" loading=\"lazy\" srcset=\"https:\/\/www.verniersa.ch\/wp-content\/uploads\/2025\/11\/plan-etage-1024x466.png 1024w, https:\/\/www.verniersa.ch\/wp-content\/uploads\/2025\/11\/plan-etage-300x136.png 300w, https:\/\/www.verniersa.ch\/wp-content\/uploads\/2025\/11\/plan-etage-768x349.png 768w, https:\/\/www.verniersa.ch\/wp-content\/uploads\/2025\/11\/plan-etage.png 1310w\" sizes=\"(max-width: 1024px) 100vw, 1024px\" itemprop=\"image\" \/>\t\t\t\t\t\t\t\t\t\t\t<\/div>\n\t\t\t\t<\/div>\n\t\t\t\t<\/div>\n\t\t\t\t\t<\/div>\n\t\t<\/div>\n\t\t\t\t<div class=\"elementor-element elementor-element-0ca7822 elementor-column elementor-col-50 elementor-top-column\" data-id=\"0ca7822\" data-element_type=\"column\">\n\t\t\t<div class=\"elementor-widget-wrap elementor-element-populated\">\n\t\t\t\t\t\t\t\t<div class=\"elementor-element elementor-element-b3c75d8 elementor-widget elementor-widget-text-editor\" data-id=\"b3c75d8\" data-element_type=\"widget\" data-widget_type=\"text-editor.default\">\n\t\t\t\t<div class=\"elementor-widget-container\">\n\t\t\t\t\t<div class=\"elementor-text-editor elementor-clearfix\"><p><strong>Disponibles d\u00e8s janvier 2026 \u2013 cadre idyllique au bord du Doubs<\/strong><\/p><p>Venez d\u00e9couvrir ces deux superbes appartements neufs, lumineux et id\u00e9alement situ\u00e9s \u00e0 deux pas de la vieille ville de St-Ursanne. Un lieu parfait pour profiter du calme et de la nature tout en restant proche de toutes les commodit\u00e9s.<\/p><p><strong>Points forts :<\/strong><\/p><ul><li>Grande pi\u00e8ce \u00e0 vivre avec cuisine ouverte<\/li><li>3 chambres \u00e0 coucher<\/li><li>1 salle de bain moderne avec douche<\/li><li>Spacieuse terrasse avec vue imprenable sur le Doubs<\/li><li>R\u00e9duit \/ espace de rangement pratique<\/li><\/ul><p>Loyer : CHF 1&rsquo;400.\u2013 (chauffage compris)<br \/>Charges : eau &amp; \u00e9lectricit\u00e9 selon compteurs individuels<br \/>Ces logements conviennent parfaitement \u00e0 un couple, une famille ou toute personne en qu\u00eate de confort dans un environnement paisible.<\/p><\/div>\n\t\t\t\t<\/div>\n\t\t\t\t<\/div>\n\t\t\t\t\t<\/div>\n\t\t<\/div>\n\t\t\t\t\t\t\t<\/div>\n\t\t<\/section>\n\t\t\t\t\t\t<\/div>\n\t\t\t\t\t<\/div>\n\t\t","protected":false},"excerpt":{"rendered":"<p>Appartements \u00e0 louer \u00e0 Saint-Ursanne 2 appartements neufs de 4,5 pi\u00e8ces CHF 1&rsquo;400.\u2013 (chauffage compris) Disponibles d\u00e8s janvier 2026 \u2013 cadre idyllique au bord du Doubs 032 461 31 91 mailto:info@paupe.ch Disponibles d\u00e8s janvier 2026 \u2013 cadre idyllique au bord du Doubs Venez d\u00e9couvrir ces deux superbes appartements neufs, lumineux et id\u00e9alement situ\u00e9s \u00e0 deux [&hellip;]<\/p>\n","protected":false},"author":3,"featured_media":0,"parent":0,"menu_order":0,"comment_status":"closed","ping_status":"closed","template":"","meta":[],"_links":{"self":[{"href":"https:\/\/www.verniersa.ch\/index.php\/wp-json\/wp\/v2\/pages\/1531"}],"collection":[{"href":"https:\/\/www.verniersa.ch\/index.php\/wp-json\/wp\/v2\/pages"}],"about":[{"href":"https:\/\/www.verniersa.ch\/index.php\/wp-json\/wp\/v2\/types\/page"}],"author":[{"embeddable":true,"href":"https:\/\/www.verniersa.ch\/index.php\/wp-json\/wp\/v2\/users\/3"}],"replies":[{"embeddable":true,"href":"https:\/\/www.verniersa.ch\/index.php\/wp-json\/wp\/v2\/comments?post=1531"}],"version-history":[{"count":13,"href":"https:\/\/www.verniersa.ch\/index.php\/wp-json\/wp\/v2\/pages\/1531\/revisions"}],"predecessor-version":[{"id":1657,"href":"https:\/\/www.verniersa.ch\/index.php\/wp-json\/wp\/v2\/pages\/1531\/revisions\/1657"}],"wp:attachment":[{"href":"https:\/\/www.verniersa.ch\/index.php\/wp-json\/wp\/v2\/media?parent=1531"}],"curies":[{"name":"wp","href":"https:\/\/api.w.org\/{rel}","templated":true}]}}