{"id":1460,"date":"2024-11-26T10:48:12","date_gmt":"2024-11-26T09:48:12","guid":{"rendered":"https:\/\/www.verniersa.ch\/?page_id=1460"},"modified":"2024-11-27T09:57:50","modified_gmt":"2024-11-27T08:57:50","slug":"4-villas-independantes-a-bassecourt","status":"publish","type":"page","link":"https:\/\/www.verniersa.ch\/index.php\/4-villas-independantes-a-bassecourt\/","title":{"rendered":"4 Villas ind\u00e9pendantes \u00e0 Bassecourt"},"content":{"rendered":"\t\t<div data-elementor-type=\"wp-page\" data-elementor-id=\"1460\" class=\"elementor elementor-1460\" data-elementor-settings=\"[]\">\n\t\t\t\t\t\t\t<div class=\"elementor-section-wrap\">\n\t\t\t\t\t\t\t<section class=\"elementor-element elementor-element-5d03d23 elementor-section-content-middle elementor-section-boxed elementor-section-height-default elementor-section-height-default elementor-section elementor-top-section\" data-id=\"5d03d23\" data-element_type=\"section\">\n\t\t\t\t\t\t<div class=\"elementor-container elementor-column-gap-default\">\n\t\t\t\t\t<div class=\"elementor-element elementor-element-e8a2df8 elementor-column elementor-col-33 elementor-top-column\" data-id=\"e8a2df8\" data-element_type=\"column\">\n\t\t\t<div class=\"elementor-widget-wrap elementor-element-populated\">\n\t\t\t\t\t\t\t\t<div class=\"elementor-element elementor-element-c39a5ca elementor-widget elementor-widget-image\" data-id=\"c39a5ca\" data-element_type=\"widget\" data-widget_type=\"image.default\">\n\t\t\t\t<div class=\"elementor-widget-container\">\n\t\t\t\t\t<div class=\"elementor-image\">\n\t\t\t\t\t\t\t\t\t\t<img width=\"1024\" height=\"1024\" src=\"https:\/\/www.verniersa.ch\/wp-content\/uploads\/2024\/11\/annonce-4-villas-bassecourt-1024x1024.jpg\" class=\"attachment-large size-large\" alt=\"\" loading=\"lazy\" srcset=\"https:\/\/www.verniersa.ch\/wp-content\/uploads\/2024\/11\/annonce-4-villas-bassecourt-1024x1024.jpg 1024w, https:\/\/www.verniersa.ch\/wp-content\/uploads\/2024\/11\/annonce-4-villas-bassecourt-300x300.jpg 300w, https:\/\/www.verniersa.ch\/wp-content\/uploads\/2024\/11\/annonce-4-villas-bassecourt-150x150.jpg 150w, https:\/\/www.verniersa.ch\/wp-content\/uploads\/2024\/11\/annonce-4-villas-bassecourt-768x768.jpg 768w, https:\/\/www.verniersa.ch\/wp-content\/uploads\/2024\/11\/annonce-4-villas-bassecourt.jpg 1536w\" sizes=\"(max-width: 1024px) 100vw, 1024px\" itemprop=\"image\" \/>\t\t\t\t\t\t\t\t\t\t\t<\/div>\n\t\t\t\t<\/div>\n\t\t\t\t<\/div>\n\t\t\t\t\t<\/div>\n\t\t<\/div>\n\t\t\t\t<div class=\"elementor-element elementor-element-a1496d6 elementor-column elementor-col-66 elementor-top-column\" data-id=\"a1496d6\" data-element_type=\"column\">\n\t\t\t<div class=\"elementor-widget-wrap elementor-element-populated\">\n\t\t\t\t\t\t\t\t<div class=\"elementor-element elementor-element-8d6e151 elementor-widget elementor-widget-heading\" data-id=\"8d6e151\" data-element_type=\"widget\" data-widget_type=\"heading.default\">\n\t\t\t\t<div class=\"elementor-widget-container\">\n\t\t\t<h2 class=\"elementor-heading-title elementor-size-default\">4 Villas ind\u00e9pendantes \u00e0 Bassecourt<\/h2>\t\t<\/div>\n\t\t\t\t<\/div>\n\t\t\t\t<section class=\"elementor-element elementor-element-9ca3fc3 elementor-section-content-top elementor-section-boxed elementor-section-height-default elementor-section-height-default elementor-section elementor-inner-section\" data-id=\"9ca3fc3\" data-element_type=\"section\">\n\t\t\t\t\t\t<div class=\"elementor-container elementor-column-gap-default\">\n\t\t\t\t\t<div class=\"elementor-element elementor-element-7e45dcb elementor-column elementor-col-50 elementor-inner-column\" data-id=\"7e45dcb\" data-element_type=\"column\">\n\t\t\t<div class=\"elementor-widget-wrap elementor-element-populated\">\n\t\t\t\t\t\t\t\t<div class=\"elementor-element elementor-element-c28f5f1 elementor-widget elementor-widget-text-editor\" data-id=\"c28f5f1\" data-element_type=\"widget\" data-widget_type=\"text-editor.default\">\n\t\t\t\t<div class=\"elementor-widget-container\">\n\t\t\t\t\t<div class=\"elementor-text-editor elementor-clearfix\"><p><strong>D\u00e8s CHF 990&rsquo;000.- | personne de contact : Alain Vernier<br \/><\/strong><\/p><\/div>\n\t\t\t\t<\/div>\n\t\t\t\t<\/div>\n\t\t\t\t\t<\/div>\n\t\t<\/div>\n\t\t\t\t<div class=\"elementor-element elementor-element-e46b98d elementor-column elementor-col-50 elementor-inner-column\" data-id=\"e46b98d\" data-element_type=\"column\">\n\t\t\t<div class=\"elementor-widget-wrap elementor-element-populated\">\n\t\t\t\t\t\t\t\t<div class=\"elementor-element elementor-element-8c6d2b4 elementor-align-center elementor-widget elementor-widget-button\" data-id=\"8c6d2b4\" data-element_type=\"widget\" data-widget_type=\"button.default\">\n\t\t\t\t<div class=\"elementor-widget-container\">\n\t\t\t\t\t<div class=\"elementor-button-wrapper\">\n\t\t\t<a href=\"tel:078%20627%2061%2036\" class=\"elementor-button-link elementor-button elementor-size-xs\" role=\"button\">\n\t\t\t\t\t\t<span class=\"elementor-button-content-wrapper\">\n\t\t\t\t\t\t<span class=\"elementor-button-icon elementor-align-icon-left\">\n\t\t\t\t<i aria-hidden=\"true\" class=\"fas fa-phone-alt\"><\/i>\t\t\t<\/span>\n\t\t\t\t\t\t<span class=\"elementor-button-text\">078 627 61 36<\/span>\n\t\t<\/span>\n\t\t\t\t\t<\/a>\n\t\t<\/div>\n\t\t\t\t<\/div>\n\t\t\t\t<\/div>\n\t\t\t\t\t<\/div>\n\t\t<\/div>\n\t\t\t\t\t\t\t<\/div>\n\t\t<\/section>\n\t\t\t\t<div class=\"elementor-element elementor-element-94b7963 elementor-widget elementor-widget-text-editor\" data-id=\"94b7963\" data-element_type=\"widget\" data-widget_type=\"text-editor.default\">\n\t\t\t\t<div class=\"elementor-widget-container\">\n\t\t\t\t\t<div class=\"elementor-text-editor elementor-clearfix\"><p>Nous vous proposons 4 villas ind\u00e9pendantes personnalisables, <strong>disponibles en variantes. <\/strong>Chaque villa propose des <strong>budgets d\u00e9finis pour des mat\u00e9riaux au choix<\/strong>.<strong><br \/><\/strong><\/p><\/div>\n\t\t\t\t<\/div>\n\t\t\t\t<\/div>\n\t\t\t\t<section class=\"elementor-element elementor-element-2deca95 elementor-section-boxed elementor-section-height-default elementor-section-height-default elementor-section elementor-inner-section\" data-id=\"2deca95\" data-element_type=\"section\" data-settings=\"{&quot;background_background&quot;:&quot;classic&quot;}\">\n\t\t\t\t\t\t<div class=\"elementor-container elementor-column-gap-default\">\n\t\t\t\t\t<div class=\"elementor-element elementor-element-c0a6667 elementor-column elementor-col-100 elementor-inner-column\" data-id=\"c0a6667\" data-element_type=\"column\">\n\t\t\t<div class=\"elementor-widget-wrap elementor-element-populated\">\n\t\t\t\t\t\t\t\t<div class=\"elementor-element elementor-element-0f7c4fb elementor-icon-list--layout-traditional elementor-list-item-link-full_width elementor-widget elementor-widget-icon-list\" data-id=\"0f7c4fb\" data-element_type=\"widget\" data-widget_type=\"icon-list.default\">\n\t\t\t\t<div class=\"elementor-widget-container\">\n\t\t\t\t\t<ul class=\"elementor-icon-list-items\">\n\t\t\t\t\t\t\t<li class=\"elementor-icon-list-item\" >\n\t\t\t\t\t\t\t\t\t\t\t<span class=\"elementor-icon-list-icon\">\n\t\t\t\t\t\t\t<i aria-hidden=\"true\" class=\"fas fa-angle-right\"><\/i>\t\t\t\t\t\t<\/span>\n\t\t\t\t\t\t\t\t\t\t<span class=\"elementor-icon-list-text\">5.5 pi\u00e8ces (156 m\u00b2)<\/span>\n\t\t\t\t\t\t\t\t\t<\/li>\n\t\t\t\t\t\t\t\t<li class=\"elementor-icon-list-item\" >\n\t\t\t\t\t\t\t\t\t\t\t<span class=\"elementor-icon-list-icon\">\n\t\t\t\t\t\t\t<i aria-hidden=\"true\" class=\"fas fa-angle-right\"><\/i>\t\t\t\t\t\t<\/span>\n\t\t\t\t\t\t\t\t\t\t<span class=\"elementor-icon-list-text\">6.5 pi\u00e8ces (178 m\u00b2)<\/span>\n\t\t\t\t\t\t\t\t\t<\/li>\n\t\t\t\t\t\t<\/ul>\n\t\t\t\t<\/div>\n\t\t\t\t<\/div>\n\t\t\t\t\t<\/div>\n\t\t<\/div>\n\t\t\t\t\t\t\t<\/div>\n\t\t<\/section>\n\t\t\t\t\t<\/div>\n\t\t<\/div>\n\t\t\t\t\t\t\t<\/div>\n\t\t<\/section>\n\t\t\t\t<section class=\"elementor-element elementor-element-cf597fc elementor-section-content-top elementor-section-boxed elementor-section-height-default elementor-section-height-default elementor-section elementor-top-section\" data-id=\"cf597fc\" data-element_type=\"section\">\n\t\t\t\t\t\t<div class=\"elementor-container elementor-column-gap-default\">\n\t\t\t\t\t<div class=\"elementor-element elementor-element-c379d72 elementor-column elementor-col-50 elementor-top-column\" data-id=\"c379d72\" data-element_type=\"column\">\n\t\t\t<div class=\"elementor-widget-wrap elementor-element-populated\">\n\t\t\t\t\t\t\t\t<div class=\"elementor-element elementor-element-d9b9da8 elementor-widget elementor-widget-image-gallery\" data-id=\"d9b9da8\" data-element_type=\"widget\" data-widget_type=\"image-gallery.default\">\n\t\t\t\t<div class=\"elementor-widget-container\">\n\t\t\t\t\t<div class=\"elementor-image-gallery\">\n\t\t\t\n\t\t<style type=\"text\/css\">\n\t\t\t#gallery-1 {\n\t\t\t\tmargin: auto;\n\t\t\t}\n\t\t\t#gallery-1 .gallery-item {\n\t\t\t\tfloat: left;\n\t\t\t\tmargin-top: 10px;\n\t\t\t\ttext-align: center;\n\t\t\t\twidth: 100%;\n\t\t\t}\n\t\t\t#gallery-1 img {\n\t\t\t\tborder: 2px solid #cfcfcf;\n\t\t\t}\n\t\t\t#gallery-1 .gallery-caption {\n\t\t\t\tmargin-left: 0;\n\t\t\t}\n\t\t\t\/* see gallery_shortcode() in wp-includes\/media.php *\/\n\t\t<\/style>\n\t\t<div id='gallery-1' class='gallery galleryid-1460 gallery-columns-1 gallery-size-large'><dl class='gallery-item'>\n\t\t\t<dt class='gallery-icon landscape'>\n\t\t\t\t<a data-elementor-open-lightbox=\"yes\" data-elementor-lightbox-slideshow=\"d9b9da8\" data-elementor-lightbox-title=\"villas_p2\" href='https:\/\/www.verniersa.ch\/wp-content\/uploads\/2024\/11\/villas_p2-scaled.jpg'><img width=\"1024\" height=\"415\" src=\"https:\/\/www.verniersa.ch\/wp-content\/uploads\/2024\/11\/villas_p2-scaled-1024x415.jpg\" class=\"attachment-large size-large\" alt=\"\" loading=\"lazy\" srcset=\"https:\/\/www.verniersa.ch\/wp-content\/uploads\/2024\/11\/villas_p2-scaled-1024x415.jpg 1024w, https:\/\/www.verniersa.ch\/wp-content\/uploads\/2024\/11\/villas_p2-scaled-300x122.jpg 300w, https:\/\/www.verniersa.ch\/wp-content\/uploads\/2024\/11\/villas_p2-768x311.jpg 768w, https:\/\/www.verniersa.ch\/wp-content\/uploads\/2024\/11\/villas_p2-1536x622.jpg 1536w, https:\/\/www.verniersa.ch\/wp-content\/uploads\/2024\/11\/villas_p2-2048x830.jpg 2048w\" sizes=\"(max-width: 1024px) 100vw, 1024px\" itemprop=\"image\" \/><\/a>\n\t\t\t<\/dt><\/dl><br style=\"clear: both\" \/><dl class='gallery-item'>\n\t\t\t<dt class='gallery-icon landscape'>\n\t\t\t\t<a data-elementor-open-lightbox=\"yes\" data-elementor-lightbox-slideshow=\"d9b9da8\" data-elementor-lightbox-title=\"villas_p1\" href='https:\/\/www.verniersa.ch\/wp-content\/uploads\/2024\/11\/villas_p1-scaled.jpg'><img width=\"1024\" height=\"469\" src=\"https:\/\/www.verniersa.ch\/wp-content\/uploads\/2024\/11\/villas_p1-scaled-1024x469.jpg\" class=\"attachment-large size-large\" alt=\"\" loading=\"lazy\" srcset=\"https:\/\/www.verniersa.ch\/wp-content\/uploads\/2024\/11\/villas_p1-scaled-1024x469.jpg 1024w, https:\/\/www.verniersa.ch\/wp-content\/uploads\/2024\/11\/villas_p1-scaled-300x137.jpg 300w, https:\/\/www.verniersa.ch\/wp-content\/uploads\/2024\/11\/villas_p1-768x352.jpg 768w, https:\/\/www.verniersa.ch\/wp-content\/uploads\/2024\/11\/villas_p1-1536x704.jpg 1536w, https:\/\/www.verniersa.ch\/wp-content\/uploads\/2024\/11\/villas_p1-2048x939.jpg 2048w\" sizes=\"(max-width: 1024px) 100vw, 1024px\" itemprop=\"image\" \/><\/a>\n\t\t\t<\/dt><\/dl><br style=\"clear: both\" \/><dl class='gallery-item'>\n\t\t\t<dt class='gallery-icon landscape'>\n\t\t\t\t<a data-elementor-open-lightbox=\"yes\" data-elementor-lightbox-slideshow=\"d9b9da8\" data-elementor-lightbox-title=\"interieur-1\" href='https:\/\/www.verniersa.ch\/wp-content\/uploads\/2024\/11\/interieur-1-scaled.jpg'><img width=\"1024\" height=\"606\" src=\"https:\/\/www.verniersa.ch\/wp-content\/uploads\/2024\/11\/interieur-1-scaled-1024x606.jpg\" class=\"attachment-large size-large\" alt=\"\" loading=\"lazy\" srcset=\"https:\/\/www.verniersa.ch\/wp-content\/uploads\/2024\/11\/interieur-1-scaled-1024x606.jpg 1024w, https:\/\/www.verniersa.ch\/wp-content\/uploads\/2024\/11\/interieur-1-scaled-300x177.jpg 300w, https:\/\/www.verniersa.ch\/wp-content\/uploads\/2024\/11\/interieur-1-768x454.jpg 768w, https:\/\/www.verniersa.ch\/wp-content\/uploads\/2024\/11\/interieur-1-1536x909.jpg 1536w, https:\/\/www.verniersa.ch\/wp-content\/uploads\/2024\/11\/interieur-1-2048x1211.jpg 2048w\" sizes=\"(max-width: 1024px) 100vw, 1024px\" itemprop=\"image\" \/><\/a>\n\t\t\t<\/dt><\/dl><br style=\"clear: both\" \/><dl class='gallery-item'>\n\t\t\t<dt class='gallery-icon landscape'>\n\t\t\t\t<a data-elementor-open-lightbox=\"yes\" data-elementor-lightbox-slideshow=\"d9b9da8\" data-elementor-lightbox-title=\"interieur-2\" href='https:\/\/www.verniersa.ch\/wp-content\/uploads\/2024\/11\/interieur-2-scaled.jpg'><img width=\"1024\" height=\"606\" src=\"https:\/\/www.verniersa.ch\/wp-content\/uploads\/2024\/11\/interieur-2-scaled-1024x606.jpg\" class=\"attachment-large size-large\" alt=\"\" loading=\"lazy\" srcset=\"https:\/\/www.verniersa.ch\/wp-content\/uploads\/2024\/11\/interieur-2-scaled-1024x606.jpg 1024w, https:\/\/www.verniersa.ch\/wp-content\/uploads\/2024\/11\/interieur-2-scaled-300x177.jpg 300w, https:\/\/www.verniersa.ch\/wp-content\/uploads\/2024\/11\/interieur-2-768x454.jpg 768w, https:\/\/www.verniersa.ch\/wp-content\/uploads\/2024\/11\/interieur-2-1536x909.jpg 1536w, https:\/\/www.verniersa.ch\/wp-content\/uploads\/2024\/11\/interieur-2-2048x1211.jpg 2048w\" sizes=\"(max-width: 1024px) 100vw, 1024px\" itemprop=\"image\" \/><\/a>\n\t\t\t<\/dt><\/dl><br style=\"clear: both\" \/><dl class='gallery-item'>\n\t\t\t<dt class='gallery-icon landscape'>\n\t\t\t\t<a data-elementor-open-lightbox=\"yes\" data-elementor-lightbox-slideshow=\"d9b9da8\" data-elementor-lightbox-title=\"bassecourt-ap-010-plan-masse\" href='https:\/\/www.verniersa.ch\/wp-content\/uploads\/2024\/11\/bassecourt-ap-010-plan-masse.jpg'><img width=\"1024\" height=\"617\" src=\"https:\/\/www.verniersa.ch\/wp-content\/uploads\/2024\/11\/bassecourt-ap-010-plan-masse-1024x617.jpg\" class=\"attachment-large size-large\" alt=\"\" loading=\"lazy\" srcset=\"https:\/\/www.verniersa.ch\/wp-content\/uploads\/2024\/11\/bassecourt-ap-010-plan-masse-1024x617.jpg 1024w, https:\/\/www.verniersa.ch\/wp-content\/uploads\/2024\/11\/bassecourt-ap-010-plan-masse-300x181.jpg 300w, https:\/\/www.verniersa.ch\/wp-content\/uploads\/2024\/11\/bassecourt-ap-010-plan-masse-768x463.jpg 768w, https:\/\/www.verniersa.ch\/wp-content\/uploads\/2024\/11\/bassecourt-ap-010-plan-masse-1536x925.jpg 1536w, https:\/\/www.verniersa.ch\/wp-content\/uploads\/2024\/11\/bassecourt-ap-010-plan-masse.jpg 1921w\" sizes=\"(max-width: 1024px) 100vw, 1024px\" itemprop=\"image\" \/><\/a>\n\t\t\t<\/dt><\/dl><br style=\"clear: both\" \/>\n\t\t<\/div>\n\t\t<\/div>\n\t\t\t\t<\/div>\n\t\t\t\t<\/div>\n\t\t\t\t\t<\/div>\n\t\t<\/div>\n\t\t\t\t<div class=\"elementor-element elementor-element-0ca7822 elementor-column elementor-col-50 elementor-top-column\" data-id=\"0ca7822\" data-element_type=\"column\">\n\t\t\t<div class=\"elementor-widget-wrap elementor-element-populated\">\n\t\t\t\t\t\t\t\t<section class=\"elementor-element elementor-element-7cf47c2 elementor-section-boxed elementor-section-height-default elementor-section-height-default elementor-section elementor-inner-section\" data-id=\"7cf47c2\" data-element_type=\"section\">\n\t\t\t\t\t\t<div class=\"elementor-container elementor-column-gap-default\">\n\t\t\t\t\t<div class=\"elementor-element elementor-element-c143103 elementor-column elementor-col-100 elementor-inner-column\" data-id=\"c143103\" data-element_type=\"column\">\n\t\t\t<div class=\"elementor-widget-wrap elementor-element-populated\">\n\t\t\t\t\t\t\t\t<div class=\"elementor-element elementor-element-6e82f20 elementor-widget elementor-widget-heading\" data-id=\"6e82f20\" data-element_type=\"widget\" data-widget_type=\"heading.default\">\n\t\t\t\t<div class=\"elementor-widget-container\">\n\t\t\t<h2 class=\"elementor-heading-title elementor-size-default\">Description<\/h2>\t\t<\/div>\n\t\t\t\t<\/div>\n\t\t\t\t<div class=\"elementor-element elementor-element-e945715 elementor-widget elementor-widget-text-editor\" data-id=\"e945715\" data-element_type=\"widget\" data-widget_type=\"text-editor.default\">\n\t\t\t\t<div class=\"elementor-widget-container\">\n\t\t\t\t\t<div class=\"elementor-text-editor elementor-clearfix\"><p>D\u00e9couvrez un projet unique de 4 villas ind\u00e9pendantes \u00e0 Bassecourt, offrant confort, \u00e9l\u00e9gance et personnalisation.<\/p><\/div>\n\t\t\t\t<\/div>\n\t\t\t\t<\/div>\n\t\t\t\t<div class=\"elementor-element elementor-element-b5e840a elementor-widget elementor-widget-text-editor\" data-id=\"b5e840a\" data-element_type=\"widget\" data-widget_type=\"text-editor.default\">\n\t\t\t\t<div class=\"elementor-widget-container\">\n\t\t\t\t\t<div class=\"elementor-text-editor elementor-clearfix\"><h3>Options de configuration<\/h3><ul><li>5.5 pi\u00e8ces avec une surface nette de 156 m\u00b2<\/li><li>6.5 pi\u00e8ces avec une surface nette de 178 m\u00b2<\/li><\/ul><p>Chaque villa <strong>propose des budgets d\u00e9finis pour des mat\u00e9riaux au choix<\/strong> tels que cuisine, carrelage et parquet massif, pour une personnalisation qui r\u00e9pond \u00e0 vos envies.<\/p><\/div>\n\t\t\t\t<\/div>\n\t\t\t\t<\/div>\n\t\t\t\t<div class=\"elementor-element elementor-element-b3c75d8 elementor-widget elementor-widget-text-editor\" data-id=\"b3c75d8\" data-element_type=\"widget\" data-widget_type=\"text-editor.default\">\n\t\t\t\t<div class=\"elementor-widget-container\">\n\t\t\t\t\t<div class=\"elementor-text-editor elementor-clearfix\"><h3>Am\u00e9nagement int\u00e9rieur<\/h3><p><strong>Rez-de-chauss\u00e9e :<\/strong><\/p><ul><li>Garage ferm\u00e9 avec un r\u00e9duit de 16 m\u00b2, couvert pour voiture et v\u00e9lo<\/li><li>Entr\u00e9e couverte avec hall et armoire murale int\u00e9gr\u00e9e<\/li><li>Cuisine ouverte avec \u00e9conomat, donnant sur un s\u00e9jour-salle \u00e0 manger avec po\u00eale<\/li><li>Une chambre ou bureau, salle de bain, et une grande terrasse couverte orient\u00e9e au sud (ferm\u00e9e c\u00f4t\u00e9 ouest)<\/li><li>Local technique inclus<\/li><\/ul><p><strong>\u00c9tage :<\/strong><\/p><ul><li>3 ou 4 chambres selon la variante s\u00e9lectionn\u00e9e<\/li><li>Salle de bain et hall de distribution<\/li><li>Qualit\u00e9 de construction<\/li><li>Utilisation de mat\u00e9riaux de premi\u00e8re cat\u00e9gorie<\/li><\/ul><\/div>\n\t\t\t\t<\/div>\n\t\t\t\t<\/div>\n\t\t\t\t<div class=\"elementor-element elementor-element-27f6a66 elementor-widget elementor-widget-shortcode\" data-id=\"27f6a66\" data-element_type=\"widget\" data-widget_type=\"shortcode.default\">\n\t\t\t\t<div class=\"elementor-widget-container\">\n\t\t\t\t\t<div class=\"elementor-shortcode\"><div role=\"form\" class=\"wpcf7\" id=\"wpcf7-f1494-o1\" lang=\"fr-FR\" dir=\"ltr\">\n<div class=\"screen-reader-response\" role=\"alert\" aria-live=\"polite\"><\/div>\n<form action=\"\/index.php\/wp-json\/wp\/v2\/pages\/1460#wpcf7-f1494-o1\" method=\"post\" class=\"wpcf7-form init\" novalidate=\"novalidate\">\n<div style=\"display: none;\">\n<input type=\"hidden\" name=\"_wpcf7\" value=\"1494\" \/>\n<input type=\"hidden\" name=\"_wpcf7_version\" value=\"5.2.2\" \/>\n<input type=\"hidden\" name=\"_wpcf7_locale\" value=\"fr_FR\" \/>\n<input type=\"hidden\" name=\"_wpcf7_unit_tag\" value=\"wpcf7-f1494-o1\" \/>\n<input type=\"hidden\" name=\"_wpcf7_container_post\" value=\"0\" \/>\n<input type=\"hidden\" name=\"_wpcf7_posted_data_hash\" value=\"\" \/>\n<input type=\"hidden\" name=\"_wpcf7_recaptcha_response\" value=\"\" \/>\n<\/div>\n<p><label> Nom complet *<br \/>\n    <span class=\"wpcf7-form-control-wrap your-name\"><input type=\"text\" name=\"your-name\" value=\"\" size=\"40\" class=\"wpcf7-form-control wpcf7-text wpcf7-validates-as-required\" aria-required=\"true\" aria-invalid=\"false\" \/><\/span> <\/label><\/p>\n<p><label> E-mail *<br \/>\n    <span class=\"wpcf7-form-control-wrap your-email\"><input type=\"email\" name=\"your-email\" value=\"\" size=\"40\" class=\"wpcf7-form-control wpcf7-text wpcf7-email wpcf7-validates-as-required wpcf7-validates-as-email\" aria-required=\"true\" aria-invalid=\"false\" \/><\/span> <\/label><\/p>\n<p><label> T\u00e9l\u00e9phone *<br \/>\n    <span class=\"wpcf7-form-control-wrap your-phone\"><input type=\"text\" name=\"your-phone\" value=\"\" size=\"40\" class=\"wpcf7-form-control wpcf7-text wpcf7-validates-as-required\" aria-required=\"true\" aria-invalid=\"false\" \/><\/span> <\/label><\/p>\n<p><label> Message<br \/>\n    <span class=\"wpcf7-form-control-wrap your-message\"><textarea name=\"your-message\" cols=\"40\" rows=\"10\" class=\"wpcf7-form-control wpcf7-textarea\" aria-invalid=\"false\"><\/textarea><\/span> <\/label><\/p>\n<p><input type=\"submit\" value=\"Envoyer\" class=\"wpcf7-form-control wpcf7-submit\" \/><\/p>\n<br \/>\n<div class=\"wpcf7-response-output\" role=\"alert\" aria-hidden=\"true\"><\/div><\/form><\/div><\/div>\n\t\t\t\t<\/div>\n\t\t\t\t<\/div>\n\t\t\t\t\t<\/div>\n\t\t<\/div>\n\t\t\t\t\t\t\t<\/div>\n\t\t<\/section>\n\t\t\t\t\t<\/div>\n\t\t<\/div>\n\t\t\t\t\t\t\t<\/div>\n\t\t<\/section>\n\t\t\t\t\t\t<\/div>\n\t\t\t\t\t<\/div>\n\t\t","protected":false},"excerpt":{"rendered":"<p>4 Villas ind\u00e9pendantes \u00e0 Bassecourt D\u00e8s CHF 990&rsquo;000.- | personne de contact : Alain Vernier 078 627 61 36 Nous vous proposons 4 villas ind\u00e9pendantes personnalisables, disponibles en variantes. Chaque villa propose des budgets d\u00e9finis pour des mat\u00e9riaux au choix. 5.5 pi\u00e8ces (156 m\u00b2) 6.5 pi\u00e8ces (178 m\u00b2) Description D\u00e9couvrez un projet unique de 4 [&hellip;]<\/p>\n","protected":false},"author":3,"featured_media":0,"parent":0,"menu_order":0,"comment_status":"closed","ping_status":"closed","template":"","meta":[],"_links":{"self":[{"href":"https:\/\/www.verniersa.ch\/index.php\/wp-json\/wp\/v2\/pages\/1460"}],"collection":[{"href":"https:\/\/www.verniersa.ch\/index.php\/wp-json\/wp\/v2\/pages"}],"about":[{"href":"https:\/\/www.verniersa.ch\/index.php\/wp-json\/wp\/v2\/types\/page"}],"author":[{"embeddable":true,"href":"https:\/\/www.verniersa.ch\/index.php\/wp-json\/wp\/v2\/users\/3"}],"replies":[{"embeddable":true,"href":"https:\/\/www.verniersa.ch\/index.php\/wp-json\/wp\/v2\/comments?post=1460"}],"version-history":[{"count":16,"href":"https:\/\/www.verniersa.ch\/index.php\/wp-json\/wp\/v2\/pages\/1460\/revisions"}],"predecessor-version":[{"id":1495,"href":"https:\/\/www.verniersa.ch\/index.php\/wp-json\/wp\/v2\/pages\/1460\/revisions\/1495"}],"wp:attachment":[{"href":"https:\/\/www.verniersa.ch\/index.php\/wp-json\/wp\/v2\/media?parent=1460"}],"curies":[{"name":"wp","href":"https:\/\/api.w.org\/{rel}","templated":true}]}}