{"id":1341,"date":"2024-02-16T11:58:11","date_gmt":"2024-02-16T10:58:11","guid":{"rendered":"https:\/\/www.verniersa.ch\/?page_id=1341"},"modified":"2026-03-16T09:36:10","modified_gmt":"2026-03-16T08:36:10","slug":"emplois","status":"publish","type":"page","link":"https:\/\/www.verniersa.ch\/index.php\/emplois\/","title":{"rendered":"Emplois"},"content":{"rendered":"\t\t<div data-elementor-type=\"wp-page\" data-elementor-id=\"1341\" class=\"elementor elementor-1341\" data-elementor-settings=\"[]\">\n\t\t\t\t\t\t\t<div class=\"elementor-section-wrap\">\n\t\t\t\t\t\t\t<section class=\"elementor-element elementor-element-4d9c655 elementor-hidden-desktop elementor-hidden-tablet elementor-hidden-phone elementor-section-boxed elementor-section-height-default elementor-section-height-default elementor-section elementor-top-section\" data-id=\"4d9c655\" data-element_type=\"section\">\n\t\t\t\t\t\t<div class=\"elementor-container elementor-column-gap-default\">\n\t\t\t\t\t<div class=\"elementor-element elementor-element-094c1c8 elementor-column elementor-col-50 elementor-top-column\" data-id=\"094c1c8\" data-element_type=\"column\">\n\t\t\t<div class=\"elementor-widget-wrap elementor-element-populated\">\n\t\t\t\t\t\t\t\t<div class=\"elementor-element elementor-element-4c71082 elementor-widget elementor-widget-image\" data-id=\"4c71082\" data-element_type=\"widget\" data-widget_type=\"image.default\">\n\t\t\t\t<div class=\"elementor-widget-container\">\n\t\t\t\t\t<div class=\"elementor-image\">\n\t\t\t\t\t\t\t\t\t\t<img width=\"1024\" height=\"1024\" src=\"https:\/\/www.verniersa.ch\/wp-content\/uploads\/2025\/04\/nous-recrutons-secretaire-1024x1024.jpg\" class=\"attachment-large size-large\" alt=\"\" loading=\"lazy\" srcset=\"https:\/\/www.verniersa.ch\/wp-content\/uploads\/2025\/04\/nous-recrutons-secretaire-1024x1024.jpg 1024w, https:\/\/www.verniersa.ch\/wp-content\/uploads\/2025\/04\/nous-recrutons-secretaire-300x300.jpg 300w, https:\/\/www.verniersa.ch\/wp-content\/uploads\/2025\/04\/nous-recrutons-secretaire-150x150.jpg 150w, https:\/\/www.verniersa.ch\/wp-content\/uploads\/2025\/04\/nous-recrutons-secretaire-768x768.jpg 768w, https:\/\/www.verniersa.ch\/wp-content\/uploads\/2025\/04\/nous-recrutons-secretaire-1536x1536.jpg 1536w, https:\/\/www.verniersa.ch\/wp-content\/uploads\/2025\/04\/nous-recrutons-secretaire.jpg 2000w\" sizes=\"(max-width: 1024px) 100vw, 1024px\" itemprop=\"image\" \/>\t\t\t\t\t\t\t\t\t\t\t<\/div>\n\t\t\t\t<\/div>\n\t\t\t\t<\/div>\n\t\t\t\t<div class=\"elementor-element elementor-element-c49b648 elementor-widget elementor-widget-button\" data-id=\"c49b648\" data-element_type=\"widget\" data-widget_type=\"button.default\">\n\t\t\t\t<div class=\"elementor-widget-container\">\n\t\t\t\t\t<div class=\"elementor-button-wrapper\">\n\t\t\t<a href=\"https:\/\/www.verniersa.ch\/wp-content\/uploads\/2026\/02\/offre-demploi_secretaire_50_2026.pdf\" target=\"_blank\" class=\"elementor-button-link elementor-button elementor-size-sm\" role=\"button\">\n\t\t\t\t\t\t<span class=\"elementor-button-content-wrapper\">\n\t\t\t\t\t\t<span class=\"elementor-button-text\">Voir l'annonce compl\u00e8te<\/span>\n\t\t<\/span>\n\t\t\t\t\t<\/a>\n\t\t<\/div>\n\t\t\t\t<\/div>\n\t\t\t\t<\/div>\n\t\t\t\t\t<\/div>\n\t\t<\/div>\n\t\t\t\t<div class=\"elementor-element elementor-element-c2bf987 elementor-column elementor-col-50 elementor-top-column\" data-id=\"c2bf987\" data-element_type=\"column\">\n\t\t\t<div class=\"elementor-widget-wrap elementor-element-populated\">\n\t\t\t\t\t\t\t\t<div class=\"elementor-element elementor-element-cb80c5b elementor-widget elementor-widget-heading\" data-id=\"cb80c5b\" data-element_type=\"widget\" data-widget_type=\"heading.default\">\n\t\t\t\t<div class=\"elementor-widget-container\">\n\t\t\t<h2 class=\"elementor-heading-title elementor-size-default\">SECR\u00c9TAIRE ADMINISTRATIF(VE) <\/h2>\t\t<\/div>\n\t\t\t\t<\/div>\n\t\t\t\t<div class=\"elementor-element elementor-element-4f07e52 elementor-widget elementor-widget-text-editor\" data-id=\"4f07e52\" data-element_type=\"widget\" data-widget_type=\"text-editor.default\">\n\t\t\t\t<div class=\"elementor-widget-container\">\n\t\t\t\t\t<div class=\"elementor-text-editor elementor-clearfix\"><p>Nous sommes \u00e0 la recherche d&rsquo;un(e) SECR\u00c9TAIRE ADMINISTRATIF(VE)\u00a0 ou \u00e9quivalent\u00a0 \u00e0 50% pour rejoindre notre \u00e9quipe d\u00e8s que possible ou \u00e0 discuter selon vos disponibilit\u00e9s.<\/p><p><strong>VOTRE MISSION<\/strong><\/p><ul style=\"margin-top: -20px;\"><li>Assurer la permanence t\u00e9l\u00e9phonique<\/li><li>Participer \u00e0 l\u2019\u00e9laboration des devis<\/li><li>\u00c9diter les divers documents commerciaux et les factures<\/li><li>Collaborer au bon fonctionnement du syst\u00e8me de management<\/li><li>Soutenir l\u2019\u00e9quipe pour diverses t\u00e2ches administratives et commerciales<\/li><\/ul><p><strong>\u00a0VOTRE PROFIL<\/strong><\/p><ul style=\"margin-top: -20px;\"><li>Tr\u00e8s bonnes connaissances orales et \u00e9crites en fran\u00e7ais<\/li><li>Formation d\u2019employ\u00e9 de commerce ou \u00e9quivalent<\/li><li>Bonnes connaissances des outils informatiques<\/li><li>Sens du contact et de la n\u00e9gociation<\/li><li>Autonome et organis\u00e9(e) dans les m\u00e9thodes de travail<\/li><\/ul><\/div>\n\t\t\t\t<\/div>\n\t\t\t\t<\/div>\n\t\t\t\t\t<\/div>\n\t\t<\/div>\n\t\t\t\t\t\t\t<\/div>\n\t\t<\/section>\n\t\t\t\t<section class=\"elementor-element elementor-element-0484748 elementor-section-boxed elementor-section-height-default elementor-section-height-default elementor-section elementor-top-section\" data-id=\"0484748\" data-element_type=\"section\">\n\t\t\t\t\t\t<div class=\"elementor-container elementor-column-gap-default\">\n\t\t\t\t\t<div class=\"elementor-element elementor-element-080e11c elementor-column elementor-col-100 elementor-top-column\" data-id=\"080e11c\" data-element_type=\"column\">\n\t\t\t<div class=\"elementor-widget-wrap elementor-element-populated\">\n\t\t\t\t\t\t\t\t<div class=\"elementor-element elementor-element-d95af98 elementor-widget elementor-widget-spacer\" data-id=\"d95af98\" data-element_type=\"widget\" data-widget_type=\"spacer.default\">\n\t\t\t\t<div class=\"elementor-widget-container\">\n\t\t\t\t\t<div class=\"elementor-spacer\">\n\t\t\t<div class=\"elementor-spacer-inner\"><\/div>\n\t\t<\/div>\n\t\t\t\t<\/div>\n\t\t\t\t<\/div>\n\t\t\t\t<div class=\"elementor-element elementor-element-122dbb7 elementor-widget elementor-widget-text-editor\" data-id=\"122dbb7\" data-element_type=\"widget\" data-widget_type=\"text-editor.default\">\n\t\t\t\t<div class=\"elementor-widget-container\">\n\t\t\t\t\t<div class=\"elementor-text-editor elementor-clearfix\"><p><strong>Pour postuler, veuillez :<\/strong><\/p><ul><li>Envoyer votre CV \u00e0 l&rsquo;adresse suivante : <a href=\"mailto:annesophie@verniersa.ch\">annesophie@verniersa.ch<\/a><\/li><li>OU envoyer votre CV par courrier postal \u00e0 l&rsquo;adresse :<a href=\"https:\/\/maps.app.goo.gl\/VeRXCFx4x98ZqQYXA\" target=\"_blank\" rel=\"noopener\"> Rue du Stand 21 L, 2856 Bo\u00e9court<\/a><\/li><li>OU passer \u00e0 notre bureau avec votre CV \u00e0 l&rsquo;adresse :<a href=\"https:\/\/maps.app.goo.gl\/VeRXCFx4x98ZqQYXA\" target=\"_blank\" rel=\"noopener\"> Rue du Stand 21 L, 2856 Bo\u00e9court<\/a><\/li><\/ul><p>Nous avons h\u00e2te de vous accueillir dans notre \u00e9quipe !<\/p><\/div>\n\t\t\t\t<\/div>\n\t\t\t\t<\/div>\n\t\t\t\t\t<\/div>\n\t\t<\/div>\n\t\t\t\t\t\t\t<\/div>\n\t\t<\/section>\n\t\t\t\t<section class=\"elementor-element elementor-element-2b3d8b0 elementor-section-boxed elementor-section-height-default elementor-section-height-default elementor-section elementor-top-section\" data-id=\"2b3d8b0\" data-element_type=\"section\">\n\t\t\t\t\t\t<div class=\"elementor-container elementor-column-gap-default\">\n\t\t\t\t\t<div class=\"elementor-element elementor-element-b649955 elementor-column elementor-col-100 elementor-top-column\" data-id=\"b649955\" data-element_type=\"column\">\n\t\t\t<div class=\"elementor-widget-wrap\">\n\t\t\t\t\t\t\t\t\t<\/div>\n\t\t<\/div>\n\t\t\t\t\t\t\t<\/div>\n\t\t<\/section>\n\t\t\t\t\t\t<\/div>\n\t\t\t\t\t<\/div>\n\t\t","protected":false},"excerpt":{"rendered":"<p>Voir l&rsquo;annonce compl\u00e8te SECR\u00c9TAIRE ADMINISTRATIF(VE) Nous sommes \u00e0 la recherche d&rsquo;un(e) SECR\u00c9TAIRE ADMINISTRATIF(VE)\u00a0 ou \u00e9quivalent\u00a0 \u00e0 50% pour rejoindre notre \u00e9quipe d\u00e8s que possible ou \u00e0 discuter selon vos disponibilit\u00e9s. VOTRE MISSION Assurer la permanence t\u00e9l\u00e9phonique Participer \u00e0 l\u2019\u00e9laboration des devis \u00c9diter les divers documents commerciaux et les factures Collaborer au bon fonctionnement du syst\u00e8me [&hellip;]<\/p>\n","protected":false},"author":3,"featured_media":0,"parent":0,"menu_order":0,"comment_status":"closed","ping_status":"closed","template":"","meta":[],"_links":{"self":[{"href":"https:\/\/www.verniersa.ch\/index.php\/wp-json\/wp\/v2\/pages\/1341"}],"collection":[{"href":"https:\/\/www.verniersa.ch\/index.php\/wp-json\/wp\/v2\/pages"}],"about":[{"href":"https:\/\/www.verniersa.ch\/index.php\/wp-json\/wp\/v2\/types\/page"}],"author":[{"embeddable":true,"href":"https:\/\/www.verniersa.ch\/index.php\/wp-json\/wp\/v2\/users\/3"}],"replies":[{"embeddable":true,"href":"https:\/\/www.verniersa.ch\/index.php\/wp-json\/wp\/v2\/comments?post=1341"}],"version-history":[{"count":19,"href":"https:\/\/www.verniersa.ch\/index.php\/wp-json\/wp\/v2\/pages\/1341\/revisions"}],"predecessor-version":[{"id":1684,"href":"https:\/\/www.verniersa.ch\/index.php\/wp-json\/wp\/v2\/pages\/1341\/revisions\/1684"}],"wp:attachment":[{"href":"https:\/\/www.verniersa.ch\/index.php\/wp-json\/wp\/v2\/media?parent=1341"}],"curies":[{"name":"wp","href":"https:\/\/api.w.org\/{rel}","templated":true}]}}