{"id":1140,"date":"2022-09-08T08:46:57","date_gmt":"2022-09-08T07:46:57","guid":{"rendered":"https:\/\/www.verniersa.ch\/?page_id=1140"},"modified":"2022-09-08T13:45:04","modified_gmt":"2022-09-08T12:45:04","slug":"realisations","status":"publish","type":"page","link":"https:\/\/www.verniersa.ch\/index.php\/realisations\/","title":{"rendered":"R\u00e9alisations"},"content":{"rendered":"\t\t<div data-elementor-type=\"wp-page\" data-elementor-id=\"1140\" class=\"elementor elementor-1140\" data-elementor-settings=\"[]\">\n\t\t\t\t\t\t\t<div class=\"elementor-section-wrap\">\n\t\t\t\t\t\t\t<section class=\"elementor-element elementor-element-b569993 arrondi elementor-section-boxed elementor-section-height-default elementor-section-height-default elementor-section elementor-top-section\" data-id=\"b569993\" data-element_type=\"section\">\n\t\t\t\t\t\t<div class=\"elementor-container elementor-column-gap-default\">\n\t\t\t\t\t<div class=\"elementor-element elementor-element-6ee01af elementor-column elementor-col-25 elementor-top-column\" data-id=\"6ee01af\" data-element_type=\"column\">\n\t\t\t<div class=\"elementor-widget-wrap elementor-element-populated\">\n\t\t\t\t\t\t\t\t<div class=\"elementor-element elementor-element-2c26af8 elementor-widget elementor-widget-image\" data-id=\"2c26af8\" data-element_type=\"widget\" data-widget_type=\"image.default\">\n\t\t\t\t<div class=\"elementor-widget-container\">\n\t\t\t\t\t<div class=\"elementor-image\">\n\t\t\t\t\t\t\t\t\t\t\t<a href=\"https:\/\/www.verniersa.ch\/index.php\/category\/maconnerie\/\">\n\t\t\t\t\t\t\t<img width=\"1\" height=\"1\" src=\"https:\/\/www.verniersa.ch\/wp-content\/uploads\/2022\/07\/icon-maconnerie.svg\" class=\"attachment-large size-large\" alt=\"\" loading=\"lazy\" itemprop=\"image\" \/>\t\t\t\t\t\t\t\t<\/a>\n\t\t\t\t\t\t\t\t\t\t\t<\/div>\n\t\t\t\t<\/div>\n\t\t\t\t<\/div>\n\t\t\t\t<div class=\"elementor-element elementor-element-c8f47ad elementor-widget elementor-widget-heading\" data-id=\"c8f47ad\" data-element_type=\"widget\" data-widget_type=\"heading.default\">\n\t\t\t\t<div class=\"elementor-widget-container\">\n\t\t\t<h2 class=\"elementor-heading-title elementor-size-default\">Ma\u00e7onnerie<\/h2>\t\t<\/div>\n\t\t\t\t<\/div>\n\t\t\t\t\t<\/div>\n\t\t<\/div>\n\t\t\t\t<div class=\"elementor-element elementor-element-11b1c86 elementor-column elementor-col-25 elementor-top-column\" data-id=\"11b1c86\" data-element_type=\"column\">\n\t\t\t<div class=\"elementor-widget-wrap elementor-element-populated\">\n\t\t\t\t\t\t\t\t<div class=\"elementor-element elementor-element-a78ac14 elementor-widget elementor-widget-image\" data-id=\"a78ac14\" data-element_type=\"widget\" data-widget_type=\"image.default\">\n\t\t\t\t<div class=\"elementor-widget-container\">\n\t\t\t\t\t<div class=\"elementor-image\">\n\t\t\t\t\t\t\t\t\t\t\t<a href=\"https:\/\/www.verniersa.ch\/index.php\/category\/beton\/\">\n\t\t\t\t\t\t\t<img width=\"1\" height=\"1\" src=\"https:\/\/www.verniersa.ch\/wp-content\/uploads\/2022\/07\/icon-beton.svg\" class=\"attachment-large size-large\" alt=\"\" loading=\"lazy\" itemprop=\"image\" \/>\t\t\t\t\t\t\t\t<\/a>\n\t\t\t\t\t\t\t\t\t\t\t<\/div>\n\t\t\t\t<\/div>\n\t\t\t\t<\/div>\n\t\t\t\t<div class=\"elementor-element elementor-element-60546b2 elementor-widget elementor-widget-heading\" data-id=\"60546b2\" data-element_type=\"widget\" data-widget_type=\"heading.default\">\n\t\t\t\t<div class=\"elementor-widget-container\">\n\t\t\t<h2 class=\"elementor-heading-title elementor-size-default\">B\u00e9ton et b\u00e9ton arm\u00e9<\/h2>\t\t<\/div>\n\t\t\t\t<\/div>\n\t\t\t\t\t<\/div>\n\t\t<\/div>\n\t\t\t\t<div class=\"elementor-element elementor-element-0d44909 elementor-column elementor-col-25 elementor-top-column\" data-id=\"0d44909\" data-element_type=\"column\">\n\t\t\t<div class=\"elementor-widget-wrap elementor-element-populated\">\n\t\t\t\t\t\t\t\t<div class=\"elementor-element elementor-element-f965876 elementor-widget elementor-widget-image\" data-id=\"f965876\" data-element_type=\"widget\" data-widget_type=\"image.default\">\n\t\t\t\t<div class=\"elementor-widget-container\">\n\t\t\t\t\t<div class=\"elementor-image\">\n\t\t\t\t\t\t\t\t\t\t\t<a href=\"https:\/\/www.verniersa.ch\/index.php\/category\/facades\/\">\n\t\t\t\t\t\t\t<img width=\"1\" height=\"1\" src=\"https:\/\/www.verniersa.ch\/wp-content\/uploads\/2022\/07\/icon-facades.svg\" class=\"attachment-large size-large\" alt=\"\" loading=\"lazy\" itemprop=\"image\" \/>\t\t\t\t\t\t\t\t<\/a>\n\t\t\t\t\t\t\t\t\t\t\t<\/div>\n\t\t\t\t<\/div>\n\t\t\t\t<\/div>\n\t\t\t\t<div class=\"elementor-element elementor-element-f33e09f elementor-widget elementor-widget-heading\" data-id=\"f33e09f\" data-element_type=\"widget\" data-widget_type=\"heading.default\">\n\t\t\t\t<div class=\"elementor-widget-container\">\n\t\t\t<h2 class=\"elementor-heading-title elementor-size-default\">Fa\u00e7ades<\/h2>\t\t<\/div>\n\t\t\t\t<\/div>\n\t\t\t\t\t<\/div>\n\t\t<\/div>\n\t\t\t\t<div class=\"elementor-element elementor-element-2e7889c elementor-column elementor-col-25 elementor-top-column\" data-id=\"2e7889c\" data-element_type=\"column\">\n\t\t\t<div class=\"elementor-widget-wrap elementor-element-populated\">\n\t\t\t\t\t\t\t\t<div class=\"elementor-element elementor-element-dda241d elementor-widget elementor-widget-image\" data-id=\"dda241d\" data-element_type=\"widget\" data-widget_type=\"image.default\">\n\t\t\t\t<div class=\"elementor-widget-container\">\n\t\t\t\t\t<div class=\"elementor-image\">\n\t\t\t\t\t\t\t\t\t\t\t<a href=\"https:\/\/www.verniersa.ch\/index.php\/category\/genie-civil\/\">\n\t\t\t\t\t\t\t<img width=\"1\" height=\"1\" src=\"https:\/\/www.verniersa.ch\/wp-content\/uploads\/2022\/07\/icon-genie.svg\" class=\"attachment-large size-large\" alt=\"\" loading=\"lazy\" itemprop=\"image\" \/>\t\t\t\t\t\t\t\t<\/a>\n\t\t\t\t\t\t\t\t\t\t\t<\/div>\n\t\t\t\t<\/div>\n\t\t\t\t<\/div>\n\t\t\t\t<div class=\"elementor-element elementor-element-9e47295 elementor-widget elementor-widget-heading\" data-id=\"9e47295\" data-element_type=\"widget\" data-widget_type=\"heading.default\">\n\t\t\t\t<div class=\"elementor-widget-container\">\n\t\t\t<h2 class=\"elementor-heading-title elementor-size-default\">G\u00e9nie civil<\/h2>\t\t<\/div>\n\t\t\t\t<\/div>\n\t\t\t\t\t<\/div>\n\t\t<\/div>\n\t\t\t\t\t\t\t<\/div>\n\t\t<\/section>\n\t\t\t\t<section class=\"elementor-element elementor-element-dacda31 elementor-section-boxed elementor-section-height-default elementor-section-height-default elementor-section elementor-top-section\" data-id=\"dacda31\" data-element_type=\"section\">\n\t\t\t\t\t\t<div class=\"elementor-container elementor-column-gap-default\">\n\t\t\t\t\t<div class=\"elementor-element elementor-element-33159b6 elementor-column elementor-col-100 elementor-top-column\" data-id=\"33159b6\" data-element_type=\"column\">\n\t\t\t<div class=\"elementor-widget-wrap elementor-element-populated\">\n\t\t\t\t\t\t\t\t<div class=\"elementor-element elementor-element-e8c99a1 elementor-widget elementor-widget-spacer\" data-id=\"e8c99a1\" data-element_type=\"widget\" data-widget_type=\"spacer.default\">\n\t\t\t\t<div class=\"elementor-widget-container\">\n\t\t\t\t\t<div class=\"elementor-spacer\">\n\t\t\t<div class=\"elementor-spacer-inner\"><\/div>\n\t\t<\/div>\n\t\t\t\t<\/div>\n\t\t\t\t<\/div>\n\t\t\t\t\t<\/div>\n\t\t<\/div>\n\t\t\t\t\t\t\t<\/div>\n\t\t<\/section>\n\t\t\t\t<section class=\"elementor-element elementor-element-a3b2f97 arrondi elementor-section-boxed elementor-section-height-default elementor-section-height-default elementor-section elementor-top-section\" data-id=\"a3b2f97\" data-element_type=\"section\">\n\t\t\t\t\t\t<div class=\"elementor-container elementor-column-gap-default\">\n\t\t\t\t\t<div class=\"elementor-element elementor-element-6334252 elementor-column elementor-col-25 elementor-top-column\" data-id=\"6334252\" data-element_type=\"column\">\n\t\t\t<div class=\"elementor-widget-wrap elementor-element-populated\">\n\t\t\t\t\t\t\t\t<div class=\"elementor-element elementor-element-01fa54c elementor-widget elementor-widget-image\" data-id=\"01fa54c\" data-element_type=\"widget\" data-widget_type=\"image.default\">\n\t\t\t\t<div class=\"elementor-widget-container\">\n\t\t\t\t\t<div class=\"elementor-image\">\n\t\t\t\t\t\t\t\t\t\t\t<a href=\"https:\/\/www.verniersa.ch\/index.php\/category\/construction-et-transformation-de-batiments-industriels\/\">\n\t\t\t\t\t\t\t<img width=\"1\" height=\"1\" src=\"https:\/\/www.verniersa.ch\/wp-content\/uploads\/2022\/07\/icon-batiment.svg\" class=\"attachment-large size-large\" alt=\"\" loading=\"lazy\" itemprop=\"image\" \/>\t\t\t\t\t\t\t\t<\/a>\n\t\t\t\t\t\t\t\t\t\t\t<\/div>\n\t\t\t\t<\/div>\n\t\t\t\t<\/div>\n\t\t\t\t<div class=\"elementor-element elementor-element-0451e42 elementor-widget elementor-widget-heading\" data-id=\"0451e42\" data-element_type=\"widget\" data-widget_type=\"heading.default\">\n\t\t\t\t<div class=\"elementor-widget-container\">\n\t\t\t<h2 class=\"elementor-heading-title elementor-size-default\">Construction et transformation de b\u00e2timents industriels<\/h2>\t\t<\/div>\n\t\t\t\t<\/div>\n\t\t\t\t\t<\/div>\n\t\t<\/div>\n\t\t\t\t<div class=\"elementor-element elementor-element-96a10a9 elementor-column elementor-col-25 elementor-top-column\" data-id=\"96a10a9\" data-element_type=\"column\">\n\t\t\t<div class=\"elementor-widget-wrap elementor-element-populated\">\n\t\t\t\t\t\t\t\t<div class=\"elementor-element elementor-element-a4dd0ff elementor-widget elementor-widget-image\" data-id=\"a4dd0ff\" data-element_type=\"widget\" data-widget_type=\"image.default\">\n\t\t\t\t<div class=\"elementor-widget-container\">\n\t\t\t\t\t<div class=\"elementor-image\">\n\t\t\t\t\t\t\t\t\t\t\t<a href=\"https:\/\/www.verniersa.ch\/index.php\/category\/maisons-familiales\/\">\n\t\t\t\t\t\t\t<img width=\"1\" height=\"1\" src=\"https:\/\/www.verniersa.ch\/wp-content\/uploads\/2022\/07\/icon-maison.svg\" class=\"attachment-large size-large\" alt=\"\" loading=\"lazy\" itemprop=\"image\" \/>\t\t\t\t\t\t\t\t<\/a>\n\t\t\t\t\t\t\t\t\t\t\t<\/div>\n\t\t\t\t<\/div>\n\t\t\t\t<\/div>\n\t\t\t\t<div class=\"elementor-element elementor-element-554b9ac elementor-widget elementor-widget-heading\" data-id=\"554b9ac\" data-element_type=\"widget\" data-widget_type=\"heading.default\">\n\t\t\t\t<div class=\"elementor-widget-container\">\n\t\t\t<h2 class=\"elementor-heading-title elementor-size-default\">Maisons familiales<\/h2>\t\t<\/div>\n\t\t\t\t<\/div>\n\t\t\t\t\t<\/div>\n\t\t<\/div>\n\t\t\t\t<div class=\"elementor-element elementor-element-a6ab11d elementor-column elementor-col-25 elementor-top-column\" data-id=\"a6ab11d\" data-element_type=\"column\">\n\t\t\t<div class=\"elementor-widget-wrap elementor-element-populated\">\n\t\t\t\t\t\t\t\t<div class=\"elementor-element elementor-element-b272a66 elementor-widget elementor-widget-image\" data-id=\"b272a66\" data-element_type=\"widget\" data-widget_type=\"image.default\">\n\t\t\t\t<div class=\"elementor-widget-container\">\n\t\t\t\t\t<div class=\"elementor-image\">\n\t\t\t\t\t\t\t\t\t\t\t<a href=\"https:\/\/www.verniersa.ch\/index.php\/category\/immeubles\/\">\n\t\t\t\t\t\t\t<img width=\"1\" height=\"1\" src=\"https:\/\/www.verniersa.ch\/wp-content\/uploads\/2022\/07\/icon-immeuble.svg\" class=\"attachment-large size-large\" alt=\"\" loading=\"lazy\" itemprop=\"image\" \/>\t\t\t\t\t\t\t\t<\/a>\n\t\t\t\t\t\t\t\t\t\t\t<\/div>\n\t\t\t\t<\/div>\n\t\t\t\t<\/div>\n\t\t\t\t<div class=\"elementor-element elementor-element-43a0918 elementor-widget elementor-widget-heading\" data-id=\"43a0918\" data-element_type=\"widget\" data-widget_type=\"heading.default\">\n\t\t\t\t<div class=\"elementor-widget-container\">\n\t\t\t<h2 class=\"elementor-heading-title elementor-size-default\">Immeubles<\/h2>\t\t<\/div>\n\t\t\t\t<\/div>\n\t\t\t\t\t<\/div>\n\t\t<\/div>\n\t\t\t\t<div class=\"elementor-element elementor-element-d57ac3b elementor-column elementor-col-25 elementor-top-column\" data-id=\"d57ac3b\" data-element_type=\"column\">\n\t\t\t<div class=\"elementor-widget-wrap elementor-element-populated\">\n\t\t\t\t\t\t\t\t<div class=\"elementor-element elementor-element-1e6d759 elementor-widget elementor-widget-image\" data-id=\"1e6d759\" data-element_type=\"widget\" data-widget_type=\"image.default\">\n\t\t\t\t<div class=\"elementor-widget-container\">\n\t\t\t\t\t<div class=\"elementor-image\">\n\t\t\t\t\t\t\t\t\t\t\t<a href=\"https:\/\/www.verniersa.ch\/index.php\/category\/ouvrages-dart\/\">\n\t\t\t\t\t\t\t<img width=\"1\" height=\"1\" src=\"https:\/\/www.verniersa.ch\/wp-content\/uploads\/2022\/07\/icon-art.svg\" class=\"attachment-large size-large\" alt=\"\" loading=\"lazy\" itemprop=\"image\" \/>\t\t\t\t\t\t\t\t<\/a>\n\t\t\t\t\t\t\t\t\t\t\t<\/div>\n\t\t\t\t<\/div>\n\t\t\t\t<\/div>\n\t\t\t\t<div class=\"elementor-element elementor-element-2c101b0 elementor-widget elementor-widget-heading\" data-id=\"2c101b0\" data-element_type=\"widget\" data-widget_type=\"heading.default\">\n\t\t\t\t<div class=\"elementor-widget-container\">\n\t\t\t<h2 class=\"elementor-heading-title elementor-size-default\">Ouvrages d'art<\/h2>\t\t<\/div>\n\t\t\t\t<\/div>\n\t\t\t\t\t<\/div>\n\t\t<\/div>\n\t\t\t\t\t\t\t<\/div>\n\t\t<\/section>\n\t\t\t\t<section class=\"elementor-element elementor-element-f15991e elementor-section-boxed elementor-section-height-default elementor-section-height-default elementor-section elementor-top-section\" data-id=\"f15991e\" data-element_type=\"section\">\n\t\t\t\t\t\t<div class=\"elementor-container elementor-column-gap-default\">\n\t\t\t\t\t<div class=\"elementor-element elementor-element-8695ee3 elementor-column elementor-col-100 elementor-top-column\" data-id=\"8695ee3\" data-element_type=\"column\">\n\t\t\t<div class=\"elementor-widget-wrap elementor-element-populated\">\n\t\t\t\t\t\t\t\t<div class=\"elementor-element elementor-element-1538236 elementor-widget elementor-widget-spacer\" data-id=\"1538236\" data-element_type=\"widget\" data-widget_type=\"spacer.default\">\n\t\t\t\t<div class=\"elementor-widget-container\">\n\t\t\t\t\t<div class=\"elementor-spacer\">\n\t\t\t<div class=\"elementor-spacer-inner\"><\/div>\n\t\t<\/div>\n\t\t\t\t<\/div>\n\t\t\t\t<\/div>\n\t\t\t\t<div class=\"elementor-element elementor-element-2ff53c9 elementor-widget elementor-widget-heading\" data-id=\"2ff53c9\" data-element_type=\"widget\" data-widget_type=\"heading.default\">\n\t\t\t\t<div class=\"elementor-widget-container\">\n\t\t\t<h2 class=\"elementor-heading-title elementor-size-default\">Quelques exemples<\/h2>\t\t<\/div>\n\t\t\t\t<\/div>\n\t\t\t\t<div class=\"elementor-element elementor-element-9e18715 elementor-widget elementor-widget-image-gallery\" data-id=\"9e18715\" data-element_type=\"widget\" data-widget_type=\"image-gallery.default\">\n\t\t\t\t<div class=\"elementor-widget-container\">\n\t\t\t\t\t<div class=\"elementor-image-gallery\">\n\t\t\t\n\t\t<style type=\"text\/css\">\n\t\t\t#gallery-1 {\n\t\t\t\tmargin: auto;\n\t\t\t}\n\t\t\t#gallery-1 .gallery-item {\n\t\t\t\tfloat: left;\n\t\t\t\tmargin-top: 10px;\n\t\t\t\ttext-align: center;\n\t\t\t\twidth: 50%;\n\t\t\t}\n\t\t\t#gallery-1 img {\n\t\t\t\tborder: 2px solid #cfcfcf;\n\t\t\t}\n\t\t\t#gallery-1 .gallery-caption {\n\t\t\t\tmargin-left: 0;\n\t\t\t}\n\t\t\t\/* see gallery_shortcode() in wp-includes\/media.php *\/\n\t\t<\/style>\n\t\t<div id='gallery-1' class='gallery galleryid-1140 gallery-columns-2 gallery-size-1536x1536'><dl class='gallery-item'>\n\t\t\t<dt class='gallery-icon landscape'>\n\t\t\t\t<a data-elementor-open-lightbox=\"yes\" data-elementor-lightbox-slideshow=\"9e18715\" data-elementor-lightbox-title=\"vernier.22.bassecourt-19\" href='https:\/\/www.verniersa.ch\/wp-content\/uploads\/2022\/09\/vernier.22.bassecourt-19-scaled.jpg'><img width=\"1536\" height=\"1536\" src=\"https:\/\/www.verniersa.ch\/wp-content\/uploads\/2022\/09\/vernier.22.bassecourt-19-1536x1536.jpg\" class=\"attachment-1536x1536 size-1536x1536\" alt=\"\" loading=\"lazy\" srcset=\"https:\/\/www.verniersa.ch\/wp-content\/uploads\/2022\/09\/vernier.22.bassecourt-19-1536x1536.jpg 1536w, https:\/\/www.verniersa.ch\/wp-content\/uploads\/2022\/09\/vernier.22.bassecourt-19-300x300.jpg 300w, https:\/\/www.verniersa.ch\/wp-content\/uploads\/2022\/09\/vernier.22.bassecourt-19-1024x1024.jpg 1024w, https:\/\/www.verniersa.ch\/wp-content\/uploads\/2022\/09\/vernier.22.bassecourt-19-150x150.jpg 150w, https:\/\/www.verniersa.ch\/wp-content\/uploads\/2022\/09\/vernier.22.bassecourt-19-2048x2048.jpg 2048w\" sizes=\"(max-width: 1536px) 100vw, 1536px\" itemprop=\"image\" \/><\/a>\n\t\t\t<\/dt><\/dl><dl class='gallery-item'>\n\t\t\t<dt class='gallery-icon landscape'>\n\t\t\t\t<a data-elementor-open-lightbox=\"yes\" data-elementor-lightbox-slideshow=\"9e18715\" data-elementor-lightbox-title=\"vernier.22.bassecourt-16\" href='https:\/\/www.verniersa.ch\/wp-content\/uploads\/2022\/09\/vernier.22.bassecourt-16.jpg'><img width=\"1536\" height=\"1536\" src=\"https:\/\/www.verniersa.ch\/wp-content\/uploads\/2022\/09\/vernier.22.bassecourt-16-1536x1536.jpg\" class=\"attachment-1536x1536 size-1536x1536\" alt=\"\" loading=\"lazy\" srcset=\"https:\/\/www.verniersa.ch\/wp-content\/uploads\/2022\/09\/vernier.22.bassecourt-16-1536x1536.jpg 1536w, https:\/\/www.verniersa.ch\/wp-content\/uploads\/2022\/09\/vernier.22.bassecourt-16-300x300.jpg 300w, https:\/\/www.verniersa.ch\/wp-content\/uploads\/2022\/09\/vernier.22.bassecourt-16-1024x1024.jpg 1024w, https:\/\/www.verniersa.ch\/wp-content\/uploads\/2022\/09\/vernier.22.bassecourt-16-150x150.jpg 150w, https:\/\/www.verniersa.ch\/wp-content\/uploads\/2022\/09\/vernier.22.bassecourt-16-2048x2048.jpg 2048w\" sizes=\"(max-width: 1536px) 100vw, 1536px\" itemprop=\"image\" \/><\/a>\n\t\t\t<\/dt><\/dl><br style=\"clear: both\" \/><dl class='gallery-item'>\n\t\t\t<dt class='gallery-icon landscape'>\n\t\t\t\t<a data-elementor-open-lightbox=\"yes\" data-elementor-lightbox-slideshow=\"9e18715\" data-elementor-lightbox-title=\"image-beton\" href='https:\/\/www.verniersa.ch\/wp-content\/uploads\/2022\/09\/image-beton.jpg'><img width=\"1536\" height=\"1536\" src=\"https:\/\/www.verniersa.ch\/wp-content\/uploads\/2022\/09\/image-beton-1536x1536.jpg\" class=\"attachment-1536x1536 size-1536x1536\" alt=\"\" loading=\"lazy\" srcset=\"https:\/\/www.verniersa.ch\/wp-content\/uploads\/2022\/09\/image-beton-1536x1536.jpg 1536w, https:\/\/www.verniersa.ch\/wp-content\/uploads\/2022\/09\/image-beton-150x150.jpg 150w\" sizes=\"(max-width: 1536px) 100vw, 1536px\" itemprop=\"image\" \/><\/a>\n\t\t\t<\/dt><\/dl><dl class='gallery-item'>\n\t\t\t<dt class='gallery-icon landscape'>\n\t\t\t\t<a data-elementor-open-lightbox=\"yes\" data-elementor-lightbox-slideshow=\"9e18715\" data-elementor-lightbox-title=\"D8E_7201\" href='https:\/\/www.verniersa.ch\/wp-content\/uploads\/2016\/04\/D8E_7201.jpg'><img width=\"1536\" height=\"1536\" src=\"https:\/\/www.verniersa.ch\/wp-content\/uploads\/2016\/04\/D8E_7201-1536x1536.jpg\" class=\"attachment-1536x1536 size-1536x1536\" alt=\"\" loading=\"lazy\" srcset=\"https:\/\/www.verniersa.ch\/wp-content\/uploads\/2016\/04\/D8E_7201-1536x1536.jpg 1536w, https:\/\/www.verniersa.ch\/wp-content\/uploads\/2016\/04\/D8E_7201-150x150.jpg 150w, https:\/\/www.verniersa.ch\/wp-content\/uploads\/2016\/04\/D8E_7201-1024x1024.jpg 1024w, https:\/\/www.verniersa.ch\/wp-content\/uploads\/2016\/04\/D8E_7201-550x550.jpg 550w, https:\/\/www.verniersa.ch\/wp-content\/uploads\/2016\/04\/D8E_7201-500x500.jpg 500w, https:\/\/www.verniersa.ch\/wp-content\/uploads\/2016\/04\/D8E_7201-225x225.jpg 225w, https:\/\/www.verniersa.ch\/wp-content\/uploads\/2016\/04\/D8E_7201-200x200.jpg 200w, https:\/\/www.verniersa.ch\/wp-content\/uploads\/2016\/04\/D8E_7201-300x300.jpg 300w, https:\/\/www.verniersa.ch\/wp-content\/uploads\/2016\/04\/D8E_7201-600x600.jpg 600w\" sizes=\"(max-width: 1536px) 100vw, 1536px\" itemprop=\"image\" \/><\/a>\n\t\t\t<\/dt><\/dl><br style=\"clear: both\" \/><dl class='gallery-item'>\n\t\t\t<dt class='gallery-icon landscape'>\n\t\t\t\t<a data-elementor-open-lightbox=\"yes\" data-elementor-lightbox-slideshow=\"9e18715\" data-elementor-lightbox-title=\"D8E_7155\" href='https:\/\/www.verniersa.ch\/wp-content\/uploads\/2016\/04\/D8E_7155.jpg'><img width=\"1536\" height=\"1536\" src=\"https:\/\/www.verniersa.ch\/wp-content\/uploads\/2016\/04\/D8E_7155-1536x1536.jpg\" class=\"attachment-1536x1536 size-1536x1536\" alt=\"\" loading=\"lazy\" srcset=\"https:\/\/www.verniersa.ch\/wp-content\/uploads\/2016\/04\/D8E_7155-1536x1536.jpg 1536w, https:\/\/www.verniersa.ch\/wp-content\/uploads\/2016\/04\/D8E_7155-150x150.jpg 150w, https:\/\/www.verniersa.ch\/wp-content\/uploads\/2016\/04\/D8E_7155-300x300.jpg 300w, https:\/\/www.verniersa.ch\/wp-content\/uploads\/2016\/04\/D8E_7155-1024x1024.jpg 1024w, https:\/\/www.verniersa.ch\/wp-content\/uploads\/2016\/04\/D8E_7155-550x550.jpg 550w, https:\/\/www.verniersa.ch\/wp-content\/uploads\/2016\/04\/D8E_7155-500x500.jpg 500w, https:\/\/www.verniersa.ch\/wp-content\/uploads\/2016\/04\/D8E_7155-225x225.jpg 225w, https:\/\/www.verniersa.ch\/wp-content\/uploads\/2016\/04\/D8E_7155-200x200.jpg 200w, https:\/\/www.verniersa.ch\/wp-content\/uploads\/2016\/04\/D8E_7155-600x600.jpg 600w, https:\/\/www.verniersa.ch\/wp-content\/uploads\/2016\/04\/D8E_7155-266x266.jpg 266w\" sizes=\"(max-width: 1536px) 100vw, 1536px\" itemprop=\"image\" \/><\/a>\n\t\t\t<\/dt><\/dl><dl class='gallery-item'>\n\t\t\t<dt class='gallery-icon landscape'>\n\t\t\t\t<a data-elementor-open-lightbox=\"yes\" data-elementor-lightbox-slideshow=\"9e18715\" data-elementor-lightbox-title=\"D8E_7566\" href='https:\/\/www.verniersa.ch\/wp-content\/uploads\/2016\/04\/D8E_7566.jpg'><img width=\"1536\" height=\"1536\" src=\"https:\/\/www.verniersa.ch\/wp-content\/uploads\/2016\/04\/D8E_7566-1536x1536.jpg\" class=\"attachment-1536x1536 size-1536x1536\" alt=\"\" loading=\"lazy\" srcset=\"https:\/\/www.verniersa.ch\/wp-content\/uploads\/2016\/04\/D8E_7566-1536x1536.jpg 1536w, https:\/\/www.verniersa.ch\/wp-content\/uploads\/2016\/04\/D8E_7566-150x150.jpg 150w, https:\/\/www.verniersa.ch\/wp-content\/uploads\/2016\/04\/D8E_7566-550x550.jpg 550w, https:\/\/www.verniersa.ch\/wp-content\/uploads\/2016\/04\/D8E_7566-500x500.jpg 500w, https:\/\/www.verniersa.ch\/wp-content\/uploads\/2016\/04\/D8E_7566-225x225.jpg 225w, https:\/\/www.verniersa.ch\/wp-content\/uploads\/2016\/04\/D8E_7566-200x200.jpg 200w, https:\/\/www.verniersa.ch\/wp-content\/uploads\/2016\/04\/D8E_7566-300x300.jpg 300w, https:\/\/www.verniersa.ch\/wp-content\/uploads\/2016\/04\/D8E_7566-600x600.jpg 600w, https:\/\/www.verniersa.ch\/wp-content\/uploads\/2016\/04\/D8E_7566-266x266.jpg 266w\" sizes=\"(max-width: 1536px) 100vw, 1536px\" itemprop=\"image\" \/><\/a>\n\t\t\t<\/dt><\/dl><br style=\"clear: both\" \/>\n\t\t<\/div>\n\t\t<\/div>\n\t\t\t\t<\/div>\n\t\t\t\t<\/div>\n\t\t\t\t\t<\/div>\n\t\t<\/div>\n\t\t\t\t\t\t\t<\/div>\n\t\t<\/section>\n\t\t\t\t\t\t<\/div>\n\t\t\t\t\t<\/div>\n\t\t","protected":false},"excerpt":{"rendered":"<p>Ma\u00e7onnerie B\u00e9ton et b\u00e9ton arm\u00e9 Fa\u00e7ades G\u00e9nie civil Construction et transformation de b\u00e2timents industriels Maisons familiales Immeubles Ouvrages d&rsquo;art Quelques exemples<\/p>\n","protected":false},"author":1,"featured_media":0,"parent":0,"menu_order":0,"comment_status":"closed","ping_status":"closed","template":"","meta":[],"_links":{"self":[{"href":"https:\/\/www.verniersa.ch\/index.php\/wp-json\/wp\/v2\/pages\/1140"}],"collection":[{"href":"https:\/\/www.verniersa.ch\/index.php\/wp-json\/wp\/v2\/pages"}],"about":[{"href":"https:\/\/www.verniersa.ch\/index.php\/wp-json\/wp\/v2\/types\/page"}],"author":[{"embeddable":true,"href":"https:\/\/www.verniersa.ch\/index.php\/wp-json\/wp\/v2\/users\/1"}],"replies":[{"embeddable":true,"href":"https:\/\/www.verniersa.ch\/index.php\/wp-json\/wp\/v2\/comments?post=1140"}],"version-history":[{"count":18,"href":"https:\/\/www.verniersa.ch\/index.php\/wp-json\/wp\/v2\/pages\/1140\/revisions"}],"predecessor-version":[{"id":1261,"href":"https:\/\/www.verniersa.ch\/index.php\/wp-json\/wp\/v2\/pages\/1140\/revisions\/1261"}],"wp:attachment":[{"href":"https:\/\/www.verniersa.ch\/index.php\/wp-json\/wp\/v2\/media?parent=1140"}],"curies":[{"name":"wp","href":"https:\/\/api.w.org\/{rel}","templated":true}]}}