{"id":1008,"date":"2022-07-15T13:05:05","date_gmt":"2022-07-15T12:05:05","guid":{"rendered":"https:\/\/www.verniersa.ch\/?page_id=1008"},"modified":"2025-05-20T07:03:29","modified_gmt":"2025-05-20T06:03:29","slug":"accueil-2","status":"publish","type":"page","link":"https:\/\/www.verniersa.ch\/","title":{"rendered":"Accueil"},"content":{"rendered":"[mk_page_section bg_stretch=\u00a0\u00bbtrue\u00a0\u00bb full_width=\u00a0\u00bbtrue\u00a0\u00bb padding_top=\u00a0\u00bb0&Prime; first_page=\u00a0\u00bbfalse\u00a0\u00bb last_page=\u00a0\u00bbfalse\u00a0\u00bb sidebar=\u00a0\u00bbsidebar-1&Prime;][vc_column][mk_edge_slider first_el=\u00a0\u00bbtrue\u00a0\u00bb swiper_bg=\u00a0\u00bb#000000&Prime; order=\u00a0\u00bbASC\u00a0\u00bb slides=\u00a0\u00bb17, 59, 1223, 243&Prime;][\/vc_column][\/mk_page_section][vc_row padding=\u00a0\u00bb0&Prime;][vc_column][mk_padding_divider][mk_image src=\u00a0\u00bbhttps:\/\/www.verniersa.ch\/wp-content\/uploads\/2022\/07\/logo-avec-texte.png\u00a0\u00bb image_size=\u00a0\u00bbfull\u00a0\u00bb align=\u00a0\u00bbcenter\u00a0\u00bb animation=\u00a0\u00bbfade-in\u00a0\u00bb crop=\u00a0\u00bbfalse\u00a0\u00bb][mk_padding_divider size=\u00a0\u00bb20&Prime;][vc_column_text disable_pattern=\u00a0\u00bbfalse\u00a0\u00bb align=\u00a0\u00bbcenter\u00a0\u00bb margin_bottom=\u00a0\u00bb51&Prime; animation=\u00a0\u00bbfade-in\u00a0\u00bb css=\u00a0\u00bb.vc_custom_1662627718163{margin-bottom: 51px !important;}\u00a0\u00bb]\n<h1>La construction dans le Jura<\/h1>\n<p>&nbsp;<\/p>\n<p>Les principales activit\u00e9s de la <strong>Soci\u00e9t\u00e9\u00a0Vernier SA<\/strong>\u00a0sont tourn\u00e9es essentiellement vers les travaux de ma\u00e7onnerie, b\u00e9ton et b\u00e9ton arm\u00e9, cr\u00e9pi isolant, g\u00e9nie civil,\u00a0la construction et transformation de b\u00e2timents industriels, la r\u00e9alisation d\u2019ouvrages d\u2019art dans le cadre de l\u2019A16, la construction de maisons familiales, de canalisations, d&rsquo;am\u00e9nagements de places, etc.<br \/>\n<strong>Vernier SA<\/strong>\u00a0est active sur l\u2019ensemble du territoire jurassien.<\/p>\n<p>Nouveaut\u00e9 :\u00a0application\u00a0d\u2019un inhibiteur de corrosion contre la d\u00e9gradation des ouvrages en b\u00e9ton.[\/vc_column_text][mk_button dimension=\u00a0\u00bbsavvy\u00a0\u00bb size=\u00a0\u00bbx-large\u00a0\u00bb url=\u00a0\u00bbhttps:\/\/www.verniersa.ch\/index.php\/historique-2\/\u00a0\u00bb align=\u00a0\u00bbcenter\u00a0\u00bb margin_top=\u00a0\u00bb-30&Prime; animation=\u00a0\u00bbfade-in\u00a0\u00bb outline_skin=\u00a0\u00bbcustom\u00a0\u00bb outline_active_color=\u00a0\u00bb#007bc2&Prime; outline_hover_bg_color=\u00a0\u00bb#e30b17&Prime; outline_hover_color=\u00a0\u00bb#ffffff\u00a0\u00bb]Notre histoire[\/mk_button][mk_padding_divider][\/vc_column][\/vc_row][mk_page_section bg_image=\u00a0\u00bbhttps:\/\/www.verniersa.ch\/wp-content\/uploads\/2015\/09\/vernier-home.jpg\u00a0\u00bb attachment=\u00a0\u00bbfixed\u00a0\u00bb bg_stretch=\u00a0\u00bbtrue\u00a0\u00bb enable_3d=\u00a0\u00bbtrue\u00a0\u00bb min_height=\u00a0\u00bb600&Prime; padding_top=\u00a0\u00bb100&Prime; padding_bottom=\u00a0\u00bb35&Prime; first_page=\u00a0\u00bbfalse\u00a0\u00bb last_page=\u00a0\u00bbfalse\u00a0\u00bb sidebar=\u00a0\u00bbsidebar-1&Prime;][vc_column][vc_column_text disable_pattern=\u00a0\u00bbfalse\u00a0\u00bb align=\u00a0\u00bbcenter\u00a0\u00bb margin_bottom=\u00a0\u00bb25&Prime; css=\u00a0\u00bb.vc_custom_1662627613477{margin-bottom: 25px !important;}\u00a0\u00bb]\n<h2 style=\"text-align: center;\"><span style=\"color: #ffffff;\">Nos domaines de comp\u00e9tences<\/span><\/h2>\n[\/vc_column_text][vc_row_inner padding=\u00a0\u00bb0&Prime;][vc_column_inner][vc_column_text css=\u00a0\u00bb.vc_custom_1657886696701{margin-bottom: 0px !important;}\u00a0\u00bb]\n<div class=\"lswssp-shortcode-preview\">\t\t\r\n\t\t\r\n\t\t<style>\t\r\n\t\t\t\t\t\t\t#lswssp-logo-carousel-1 .lswssp-logo-img-wrap .lswssp-logo-img{max-height:200px}\r\n\t\t\t\t\t<\/style>\r\n\r\n\t\t<div class=\"lswssp-wrap lswssp-logo-showcase lswssp-logo-carousel-wrap lswssp-post-data-wrap lswssp-design-1  lswssp-default-height\">\r\n\t<div class=\"lswssp-logo-carousel lswssp-logo-carousel-inr-wrap lswssp-post-data-inr-wrap lswssp-tooltip-conf lswssp-clearfix\" id=\"lswssp-logo-carousel-1\" data-conf=\"{&quot;id&quot;:&quot;995&quot;,&quot;css_class&quot;:&quot; lswssp-default-height&quot;,&quot;display_type&quot;:&quot;slider&quot;,&quot;images&quot;:[1004,999,1001,1002,998,1005,1003,1006,1007,1000],&quot;design&quot;:&quot;design-1&quot;,&quot;show_title&quot;:true,&quot;show_desc&quot;:false,&quot;link_target&quot;:&quot;_blank&quot;,&quot;min_height&quot;:&quot;&quot;,&quot;max_height&quot;:200,&quot;slides_show&quot;:5,&quot;slides_scroll&quot;:1,&quot;autoplay&quot;:true,&quot;autoplay_speed&quot;:3000,&quot;speed&quot;:600,&quot;arrow&quot;:false,&quot;dots&quot;:true,&quot;loop&quot;:true,&quot;centermode&quot;:false,&quot;center_padding&quot;:0,&quot;ipad&quot;:&quot;&quot;,&quot;tablet&quot;:&quot;&quot;,&quot;mobile&quot;:&quot;&quot;,&quot;unique&quot;:1,&quot;count&quot;:0,&quot;slide_to_show&quot;:5,&quot;slide_to_show_ipad&quot;:3,&quot;slide_to_show_tablet&quot;:2,&quot;slide_to_show_mobile&quot;:1}\"><div class=\"lswssp-slide lswssp-post-1004\">\r\n\t<div class=\"lswssp-slide-inner\">\r\n\t\t<div class=\"lswssp-logo-img-wrap\">\r\n\t\t\t\t\t\t\t<a href=\"https:\/\/www.verniersa.ch\/index.php\/category\/maconnerie\/\" class=\"lswssp-logo-img-link\" target=\"_blank\"><img src=\"https:\/\/www.verniersa.ch\/wp-content\/uploads\/2022\/07\/icon-maconnerie.svg\" class=\"lswssp-logo-img\" alt=\"Ma\u00e7onnerie\" \/><\/a>\r\n\t\t\t\t\t<\/div>\r\n\r\n\t\t\t\t\t<div class=\"lswssp-logo-title\">\r\n\t\t\t\tMa\u00e7onnerie\t\t\t<\/div>\r\n\t\t\t<\/div>\r\n<\/div><div class=\"lswssp-slide lswssp-post-999\">\r\n\t<div class=\"lswssp-slide-inner\">\r\n\t\t<div class=\"lswssp-logo-img-wrap\">\r\n\t\t\t\t\t\t\t<a href=\"https:\/\/www.verniersa.ch\/index.php\/category\/beton\/\" class=\"lswssp-logo-img-link\" target=\"_blank\"><img src=\"https:\/\/www.verniersa.ch\/wp-content\/uploads\/2022\/07\/icon-beton.svg\" class=\"lswssp-logo-img\" alt=\"b\u00e9ton et b\u00e9ton arm\u00e9\" \/><\/a>\r\n\t\t\t\t\t<\/div>\r\n\r\n\t\t\t\t\t<div class=\"lswssp-logo-title\">\r\n\t\t\t\tb\u00e9ton et b\u00e9ton arm\u00e9\t\t\t<\/div>\r\n\t\t\t<\/div>\r\n<\/div><div class=\"lswssp-slide lswssp-post-1001\">\r\n\t<div class=\"lswssp-slide-inner\">\r\n\t\t<div class=\"lswssp-logo-img-wrap\">\r\n\t\t\t\t\t\t\t<a href=\"https:\/\/www.verniersa.ch\/index.php\/category\/facades\/\" class=\"lswssp-logo-img-link\" target=\"_blank\"><img src=\"https:\/\/www.verniersa.ch\/wp-content\/uploads\/2022\/07\/icon-facades.svg\" class=\"lswssp-logo-img\" alt=\"Fa\u00e7ades\" \/><\/a>\r\n\t\t\t\t\t<\/div>\r\n\r\n\t\t\t\t\t<div class=\"lswssp-logo-title\">\r\n\t\t\t\tFa\u00e7ades\t\t\t<\/div>\r\n\t\t\t<\/div>\r\n<\/div><div class=\"lswssp-slide lswssp-post-1002\">\r\n\t<div class=\"lswssp-slide-inner\">\r\n\t\t<div class=\"lswssp-logo-img-wrap\">\r\n\t\t\t\t\t\t\t<a href=\"https:\/\/www.verniersa.ch\/index.php\/category\/genie-civil\/\" class=\"lswssp-logo-img-link\" target=\"_blank\"><img src=\"https:\/\/www.verniersa.ch\/wp-content\/uploads\/2022\/07\/icon-genie.svg\" class=\"lswssp-logo-img\" alt=\"g\u00e9nie civil\" \/><\/a>\r\n\t\t\t\t\t<\/div>\r\n\r\n\t\t\t\t\t<div class=\"lswssp-logo-title\">\r\n\t\t\t\tg\u00e9nie civil\t\t\t<\/div>\r\n\t\t\t<\/div>\r\n<\/div><div class=\"lswssp-slide lswssp-post-998\">\r\n\t<div class=\"lswssp-slide-inner\">\r\n\t\t<div class=\"lswssp-logo-img-wrap\">\r\n\t\t\t\t\t\t\t<a href=\"https:\/\/www.verniersa.ch\/index.php\/category\/construction-et-transformation-de-batiments-industriels\/\" class=\"lswssp-logo-img-link\" target=\"_blank\"><img src=\"https:\/\/www.verniersa.ch\/wp-content\/uploads\/2022\/07\/icon-batiment.svg\" class=\"lswssp-logo-img\" alt=\"CONSTRUCTION ET TRANSFORMATION DE BATIMENTS INDUSTRIELS\" \/><\/a>\r\n\t\t\t\t\t<\/div>\r\n\r\n\t\t\t\t\t<div class=\"lswssp-logo-title\">\r\n\t\t\t\tCONSTRUCTION ET TRANSFORMATION DE BATIMENTS INDUSTRIELS\t\t\t<\/div>\r\n\t\t\t<\/div>\r\n<\/div><div class=\"lswssp-slide lswssp-post-1005\">\r\n\t<div class=\"lswssp-slide-inner\">\r\n\t\t<div class=\"lswssp-logo-img-wrap\">\r\n\t\t\t\t\t\t\t<a href=\"https:\/\/www.verniersa.ch\/index.php\/category\/maisons-familiales\/\" class=\"lswssp-logo-img-link\" target=\"_blank\"><img src=\"https:\/\/www.verniersa.ch\/wp-content\/uploads\/2022\/07\/icon-maison.svg\" class=\"lswssp-logo-img\" alt=\"MAISONS FAMILIALES\" \/><\/a>\r\n\t\t\t\t\t<\/div>\r\n\r\n\t\t\t\t\t<div class=\"lswssp-logo-title\">\r\n\t\t\t\tMAISONS FAMILIALES\t\t\t<\/div>\r\n\t\t\t<\/div>\r\n<\/div><div class=\"lswssp-slide lswssp-post-1003\">\r\n\t<div class=\"lswssp-slide-inner\">\r\n\t\t<div class=\"lswssp-logo-img-wrap\">\r\n\t\t\t\t\t\t\t<a href=\"https:\/\/www.verniersa.ch\/index.php\/category\/immeubles\/\" class=\"lswssp-logo-img-link\" target=\"_blank\"><img src=\"https:\/\/www.verniersa.ch\/wp-content\/uploads\/2022\/07\/icon-immeuble.svg\" class=\"lswssp-logo-img\" alt=\"Immeubles\" \/><\/a>\r\n\t\t\t\t\t<\/div>\r\n\r\n\t\t\t\t\t<div class=\"lswssp-logo-title\">\r\n\t\t\t\tImmeubles\t\t\t<\/div>\r\n\t\t\t<\/div>\r\n<\/div><div class=\"lswssp-slide lswssp-post-1006\">\r\n\t<div class=\"lswssp-slide-inner\">\r\n\t\t<div class=\"lswssp-logo-img-wrap\">\r\n\t\t\t\t\t\t\t<a href=\"https:\/\/www.verniersa.ch\/index.php\/category\/surfaces-commerciales\/\" class=\"lswssp-logo-img-link\" target=\"_blank\"><img src=\"https:\/\/www.verniersa.ch\/wp-content\/uploads\/2022\/07\/icon-shop.svg\" class=\"lswssp-logo-img\" alt=\"SURFACES COMMERCIALES\" \/><\/a>\r\n\t\t\t\t\t<\/div>\r\n\r\n\t\t\t\t\t<div class=\"lswssp-logo-title\">\r\n\t\t\t\tSURFACES COMMERCIALES\t\t\t<\/div>\r\n\t\t\t<\/div>\r\n<\/div><div class=\"lswssp-slide lswssp-post-1007\">\r\n\t<div class=\"lswssp-slide-inner\">\r\n\t\t<div class=\"lswssp-logo-img-wrap\">\r\n\t\t\t\t\t\t\t<a href=\"https:\/\/www.verniersa.ch\/index.php\/category\/ouvrages-dart\/\" class=\"lswssp-logo-img-link\" target=\"_blank\"><img src=\"https:\/\/www.verniersa.ch\/wp-content\/uploads\/2022\/07\/icon-art.svg\" class=\"lswssp-logo-img\" alt=\"OUVRAGES D\u2019ART\" \/><\/a>\r\n\t\t\t\t\t<\/div>\r\n\r\n\t\t\t\t\t<div class=\"lswssp-logo-title\">\r\n\t\t\t\tOUVRAGES D\u2019ART\t\t\t<\/div>\r\n\t\t\t<\/div>\r\n<\/div><div class=\"lswssp-slide lswssp-post-1000\">\r\n\t<div class=\"lswssp-slide-inner\">\r\n\t\t<div class=\"lswssp-logo-img-wrap\">\r\n\t\t\t\t\t\t\t<a href=\"https:\/\/www.verniersa.ch\/index.php\/category\/divers\/\" class=\"lswssp-logo-img-link\" target=\"_blank\"><img src=\"https:\/\/www.verniersa.ch\/wp-content\/uploads\/2022\/07\/icon-divers.svg\" class=\"lswssp-logo-img\" alt=\"Divers\" \/><\/a>\r\n\t\t\t\t\t<\/div>\r\n\r\n\t\t\t\t\t<div class=\"lswssp-logo-title\">\r\n\t\t\t\tDivers\t\t\t<\/div>\r\n\t\t\t<\/div>\r\n<\/div>\t<\/div>\r\n<\/div><\/div>\n[\/vc_column_text][\/vc_column_inner][\/vc_row_inner][\/vc_column][\/mk_page_section][vc_row padding=\u00a0\u00bb0&Prime;][vc_column][mk_padding_divider][mk_gallery images=\u00a0\u00bb64,66,1253,67,1243&Prime; style=\u00a0\u00bbstyle2&Prime; order=\u00a0\u00bbDESC\u00a0\u00bb orderby=\u00a0\u00bbpost__in\u00a0\u00bb image_quality=\u00a0\u00bb1&Prime; item_id=\u00a0\u00bb1442219539-55f68613766fb\u00a0\u00bb][vc_empty_space][\/vc_column][\/vc_row][mk_page_section vertical_align=\u00a0\u00bbcenter\u00a0\u00bb bg_color=\u00a0\u00bb#3d4045&Prime; el_class=\u00a0\u00bbsectionSpecMob\u00a0\u00bb first_page=\u00a0\u00bbfalse\u00a0\u00bb last_page=\u00a0\u00bbfalse\u00a0\u00bb sidebar=\u00a0\u00bbsidebar-1&Prime;][vc_column width=\u00a0\u00bb2\/3&Prime;][mk_padding_divider size=\u00a0\u00bb60&Prime;][vc_column_text disable_pattern=\u00a0\u00bbfalse\u00a0\u00bb animation=\u00a0\u00bbfade-in\u00a0\u00bb css=\u00a0\u00bb.vc_custom_1657889083888{margin-bottom: 0px !important;}\u00a0\u00bb]\n<h4 style=\"margin-bottom: 0px;\"><span style=\"color: #ffffff;\">Pour toutes demandes d\u2019informations ou de devis, nous sommes \u00e0 votre disposition et nous tacherons de vous r\u00e9pondre au plus vite.<\/span><\/h4>\n[\/vc_column_text][mk_padding_divider][\/vc_column][vc_column width=\u00a0\u00bb1\/3&Prime;][mk_padding_divider][mk_button dimension=\u00a0\u00bbsavvy\u00a0\u00bb size=\u00a0\u00bbx-large\u00a0\u00bb url=\u00a0\u00bbhttp:\/\/www.verniersa.ch\/index.php\/contact\/\u00a0\u00bb align=\u00a0\u00bbright\u00a0\u00bb animation=\u00a0\u00bbfade-in\u00a0\u00bb outline_skin=\u00a0\u00bblight\u00a0\u00bb]CONTACTEZ-NOUS[\/mk_button][mk_padding_divider][\/vc_column][\/mk_page_section][vc_row padding=\u00a0\u00bb0&Prime;][vc_column][vc_column_text][\/vc_column_text][\/vc_column][\/vc_row]\n","protected":false},"excerpt":{"rendered":"<p>[mk_page_section bg_stretch=\u00a0\u00bbtrue\u00a0\u00bb full_width=\u00a0\u00bbtrue\u00a0\u00bb padding_top=\u00a0\u00bb0&Prime; first_page=\u00a0\u00bbfalse\u00a0\u00bb last_page=\u00a0\u00bbfalse\u00a0\u00bb sidebar=\u00a0\u00bbsidebar-1&Prime;][vc_column][mk_edge_slider first_el=\u00a0\u00bbtrue\u00a0\u00bb swiper_bg=\u00a0\u00bb#000000&Prime; order=\u00a0\u00bbASC\u00a0\u00bb slides=\u00a0\u00bb17, 59, 1223, 243&Prime;][\/vc_column][\/mk_page_section][vc_row padding=\u00a0\u00bb0&Prime;][vc_column][mk_padding_divider][mk_image src=\u00a0\u00bbhttps:\/\/www.verniersa.ch\/wp-content\/uploads\/2022\/07\/logo-avec-texte.png\u00a0\u00bb image_size=\u00a0\u00bbfull\u00a0\u00bb align=\u00a0\u00bbcenter\u00a0\u00bb animation=\u00a0\u00bbfade-in\u00a0\u00bb crop=\u00a0\u00bbfalse\u00a0\u00bb][mk_padding_divider size=\u00a0\u00bb20&Prime;][vc_column_text disable_pattern=\u00a0\u00bbfalse\u00a0\u00bb align=\u00a0\u00bbcenter\u00a0\u00bb margin_bottom=\u00a0\u00bb51&Prime; animation=\u00a0\u00bbfade-in\u00a0\u00bb css=\u00a0\u00bb.vc_custom_1662627718163{margin-bottom: 51px !important;}\u00a0\u00bb] La construction dans le Jura &nbsp; Les principales activit\u00e9s de la Soci\u00e9t\u00e9\u00a0Vernier SA\u00a0sont tourn\u00e9es essentiellement vers les travaux de ma\u00e7onnerie, b\u00e9ton et b\u00e9ton arm\u00e9, cr\u00e9pi isolant, g\u00e9nie [&hellip;]<\/p>\n","protected":false},"author":1,"featured_media":0,"parent":0,"menu_order":0,"comment_status":"closed","ping_status":"closed","template":"","meta":[],"_links":{"self":[{"href":"https:\/\/www.verniersa.ch\/index.php\/wp-json\/wp\/v2\/pages\/1008"}],"collection":[{"href":"https:\/\/www.verniersa.ch\/index.php\/wp-json\/wp\/v2\/pages"}],"about":[{"href":"https:\/\/www.verniersa.ch\/index.php\/wp-json\/wp\/v2\/types\/page"}],"author":[{"embeddable":true,"href":"https:\/\/www.verniersa.ch\/index.php\/wp-json\/wp\/v2\/users\/1"}],"replies":[{"embeddable":true,"href":"https:\/\/www.verniersa.ch\/index.php\/wp-json\/wp\/v2\/comments?post=1008"}],"version-history":[{"count":33,"href":"https:\/\/www.verniersa.ch\/index.php\/wp-json\/wp\/v2\/pages\/1008\/revisions"}],"predecessor-version":[{"id":1608,"href":"https:\/\/www.verniersa.ch\/index.php\/wp-json\/wp\/v2\/pages\/1008\/revisions\/1608"}],"wp:attachment":[{"href":"https:\/\/www.verniersa.ch\/index.php\/wp-json\/wp\/v2\/media?parent=1008"}],"curies":[{"name":"wp","href":"https:\/\/api.w.org\/{rel}","templated":true}]}}